{"id":83266,"date":"2020-07-31T20:00:42","date_gmt":"2020-07-31T20:00:42","guid":{"rendered":"https:\/\/legap.com.co\/us\/?page_id=83266"},"modified":"2020-08-05T13:22:38","modified_gmt":"2020-08-05T13:22:38","slug":"cadena-de-suministro","status":"publish","type":"page","link":"https:\/\/legap.com.co\/us\/pages\/cadena-de-suministro\/","title":{"rendered":"Cadena de Suministro"},"content":{"rendered":"<p>[vc_row unlock_row_content=&#8221;yes&#8221; row_height_percent=&#8221;100&#8243; override_padding=&#8221;yes&#8221; h_padding=&#8221;0&#8243; top_padding=&#8221;0&#8243; bottom_padding=&#8221;0&#8243; back_color=&#8221;color-wayh&#8221; overlay_alpha=&#8221;50&#8243; equal_height=&#8221;yes&#8221; gutter_size=&#8221;3&#8243; column_width_percent=&#8221;100&#8243; shift_y=&#8221;0&#8243; z_index=&#8221;0&#8243;][vc_column column_width_percent=&#8221;100&#8243; gutter_size=&#8221;3&#8243; expand_height=&#8221;yes&#8221; style=&#8221;dark&#8221; overlay_alpha=&#8221;50&#8243; shift_x=&#8221;0&#8243; shift_y=&#8221;0&#8243; z_index=&#8221;0&#8243; medium_width=&#8221;0&#8243; width=&#8221;1\/1&#8243;][vc_row_inner row_inner_height_percent=&#8221;0&#8243; overlay_alpha=&#8221;50&#8243; equal_height=&#8221;yes&#8221; gutter_size=&#8221;0&#8243; shift_y=&#8221;0&#8243;][vc_column_inner column_width_use_pixel=&#8221;yes&#8221; gutter_size=&#8221;3&#8243; expand_height=&#8221;yes&#8221; back_color=&#8221;color-wayh&#8221; back_image=&#8221;83267&#8243; overlay_alpha=&#8221;50&#8243; shift_x=&#8221;0&#8243; shift_y=&#8221;0&#8243; shift_y_down=&#8221;0&#8243; z_index=&#8221;0&#8243; medium_width=&#8221;0&#8243; mobile_width=&#8221;0&#8243; width=&#8221;1\/2&#8243; mobile_height=&#8221;300&#8243;][\/vc_column_inner][vc_column_inner column_width_percent=&#8221;65&#8243; position_vertical=&#8221;middle&#8221; gutter_size=&#8221;3&#8243; override_padding=&#8221;yes&#8221; column_padding=&#8221;3&#8243; style=&#8221;dark&#8221; overlay_alpha=&#8221;50&#8243; shift_x=&#8221;0&#8243; shift_y=&#8221;0&#8243; shift_y_down=&#8221;0&#8243; z_index=&#8221;0&#8243; medium_width=&#8221;0&#8243; mobile_width=&#8221;0&#8243; width=&#8221;1\/2&#8243;][vc_custom_heading heading_semantic=&#8221;h6&#8243; text_size=&#8221;fontsize-160000&#8243; text_transform=&#8221;uppercase&#8221; text_space=&#8221;fontspace-135905&#8243; text_color=&#8221;accent&#8221;]LeGap Asesores S.A.S[\/vc_custom_heading][vc_custom_heading heading_semantic=&#8221;h1&#8243; text_size=&#8221;h1&#8243; text_align=&#8221;text-left&#8221;]<\/p>\n<h3><span class=\"font-377884\">CADENA DE SUMINISTRO\u00a0<\/span><\/h3>\n<p>[\/vc_custom_heading][vc_column_text]<\/p>\n<div class=\"row-internal row-container boomapps_vcrow\">\n<div class=\"row col-double-gutter row-child\">\n<div class=\"row-inner\">\n<div class=\"pos-top pos-center align_left column_child col-lg-6 boomapps_vccolumn single-internal-gutter\">\n<div class=\"uncol style-light\">\n<div class=\"uncoltable\">\n<div class=\"uncell boomapps_vccolumn no-block-padding\">\n<div class=\"uncont\">\n<div class=\"uncode_text_column\">\n<p lang=\"es-TRAD\">Durante este periodo fiscal 2019 , hemos trabajado en la formulaci\u00f3n de un c\u00f3digo de conducta para proveedores;\u00a0\u00a0el cual establece las normas y los principios empresariales que la firma espera de sus proveedores;\u00a0\u00a0as\u00ed mismo este c\u00f3digo de conducta contempla los controles relacionados a la elecci\u00f3n y contrataci\u00f3n de proveedores con el objetivo de promover la transparencia y equilibrio econ\u00f3mico.<\/p>\n<\/div>\n<\/div>\n<\/div>\n<\/div>\n<\/div>\n<\/div>\n<\/div>\n<\/div>\n<\/div>\n<div class=\"uncode-single-media text-left\">\n<div class=\"single-wrapper\">\n<div class=\"tmb tmb-light tmb-media-first tmb-media-last tmb-content-overlay tmb-no-bg\">\n<div class=\"t-inside\">\n<div class=\"t-entry-visual\" tabindex=\"0\">\n<div class=\"t-entry-visual-tc\">\n<div class=\"uncode-single-media-wrapper\"><\/div>\n<\/div>\n<\/div>\n<\/div>\n<\/div>\n<\/div>\n<\/div>\n<p>[\/vc_column_text][\/vc_column_inner][\/vc_row_inner][\/vc_column][\/vc_row]<\/p>\n","protected":false},"excerpt":{"rendered":"<p>[vc_row unlock_row_content=&#8221;yes&#8221; row_height_percent=&#8221;100&#8243; override_padding=&#8221;yes&#8221; h_padding=&#8221;0&#8243; top_padding=&#8221;0&#8243; bottom_padding=&#8221;0&#8243; back_color=&#8221;color-wayh&#8221; overlay_alpha=&#8221;50&#8243; equal_height=&#8221;yes&#8221; gutter_size=&#8221;3&#8243; column_width_percent=&#8221;100&#8243; shift_y=&#8221;0&#8243; z_index=&#8221;0&#8243;][vc_column column_width_percent=&#8221;100&#8243; gutter_size=&#8221;3&#8243; expand_height=&#8221;yes&#8221; style=&#8221;dark&#8221; overlay_alpha=&#8221;50&#8243; shift_x=&#8221;0&#8243; [&hellip;]<\/p>\n","protected":false},"author":1,"featured_media":0,"parent":36601,"menu_order":0,"comment_status":"open","ping_status":"closed","template":"","meta":{"footnotes":""},"class_list":["post-83266","page","type-page","status-publish","hentry"],"_links":{"self":[{"href":"https:\/\/legap.com.co\/us\/wp-json\/wp\/v2\/pages\/83266","targetHints":{"allow":["GET"]}}],"collection":[{"href":"https:\/\/legap.com.co\/us\/wp-json\/wp\/v2\/pages"}],"about":[{"href":"https:\/\/legap.com.co\/us\/wp-json\/wp\/v2\/types\/page"}],"author":[{"embeddable":true,"href":"https:\/\/legap.com.co\/us\/wp-json\/wp\/v2\/users\/1"}],"replies":[{"embeddable":true,"href":"https:\/\/legap.com.co\/us\/wp-json\/wp\/v2\/comments?post=83266"}],"version-history":[{"count":3,"href":"https:\/\/legap.com.co\/us\/wp-json\/wp\/v2\/pages\/83266\/revisions"}],"predecessor-version":[{"id":83397,"href":"https:\/\/legap.com.co\/us\/wp-json\/wp\/v2\/pages\/83266\/revisions\/83397"}],"up":[{"embeddable":true,"href":"https:\/\/legap.com.co\/us\/wp-json\/wp\/v2\/pages\/36601"}],"wp:attachment":[{"href":"https:\/\/legap.com.co\/us\/wp-json\/wp\/v2\/media?parent=83266"}],"curies":[{"name":"wp","href":"https:\/\/api.w.org\/{rel}","templated":true}]}}