{"id":83206,"date":"2020-07-31T15:23:13","date_gmt":"2020-07-31T15:23:13","guid":{"rendered":"https:\/\/legap.com.co\/us\/?page_id=83206"},"modified":"2020-08-05T13:17:55","modified_gmt":"2020-08-05T13:17:55","slug":"estrategia-empresarial","status":"publish","type":"page","link":"https:\/\/legap.com.co\/us\/estrategia-empresarial\/","title":{"rendered":"Estrategia Empresarial"},"content":{"rendered":"<p>[vc_row row_height_percent=&#8221;0&#8243; override_padding=&#8221;yes&#8221; h_padding=&#8221;2&#8243; top_padding=&#8221;3&#8243; bottom_padding=&#8221;3&#8243; overlay_color=&#8221;color-xsdn&#8221; overlay_alpha=&#8221;70&#8243; gutter_size=&#8221;100&#8243; shift_y=&#8221;0&#8243; style=&#8221;inherited&#8221; row_name=&#8221;Welcome&#8221;][vc_column column_width_percent=&#8221;100&#8243; gutter_size=&#8221;1&#8243; overlay_alpha=&#8221;50&#8243; shift_x=&#8221;0&#8243; shift_y=&#8221;0&#8243; z_index=&#8221;0&#8243; medium_width=&#8221;0&#8243; width=&#8221;1\/4&#8243;][vc_custom_heading text_font=&#8221;font-762333&#8243; text_size=&#8221;h4&#8243; text_transform=&#8221;capitalize&#8221; text_align=&#8221;text-left&#8221; text_uppercase=&#8221;&#8221;]<\/p>\n<h3><span class=\"font-377884\">ESTRATEGIA EMPRESARIAL\u00a0<\/span><\/h3>\n<p>[\/vc_custom_heading][\/vc_column][vc_column column_width_percent=&#8221;100&#8243; gutter_size=&#8221;3&#8243; overlay_alpha=&#8221;50&#8243; shift_x=&#8221;0&#8243; shift_y=&#8221;0&#8243; medium_width=&#8221;0&#8243; zoom_width=&#8221;0&#8243; zoom_height=&#8221;0&#8243; width=&#8221;3\/4&#8243;][vc_row_inner row_inner_height_percent=&#8221;0&#8243; overlay_alpha=&#8221;50&#8243; gutter_size=&#8221;4&#8243; shift_y=&#8221;0&#8243;][vc_column_inner width=&#8221;1\/2&#8243;][vc_column_text]<\/p>\n<p lang=\"es-TRAD\">LeGap Asesores S.A.S fue constituida en 2016 con el objetivo de promover la transparencia, eficiencia y un enfoque de cumplimiento en el entorno de negocios nacional a trav\u00e9s de la prestaci\u00f3n de servicios profesionales relacionados con las ciencias contables.<\/p>\n<p lang=\"es-TRAD\">Somos conscientes de la responsabilidad que tenemos con cada uno de nuestros grupos de inter\u00e9s y de nuestro aporte en la construcci\u00f3n de una sociedad sostenible y en la generaci\u00f3n de nuevas oportunidades de desarrollo para el pa\u00eds.<\/p>\n<p lang=\"es-TRAD\">Por lo tanto, previo a la creaci\u00f3n de la firma; se realiz\u00f3 una rigurosa evaluaci\u00f3n de cual ser\u00eda nuestro aporte a la pr\u00e1ctica contable y a nuestro entorno de negocios;<\/p>\n<p>[\/vc_column_text][\/vc_column_inner][vc_column_inner width=&#8221;1\/2&#8243;][vc_column_text]<\/p>\n<p lang=\"es-TRAD\">Como resultado hemos definido una visi\u00f3n aut\u00e9ntica de los servicios convencionales relacionados con las ciencias contables y un compromiso social alineado con las necesidades de los profesionales y de las empresas de diferentes niveles que interact\u00faan en la econom\u00eda Colombiana.<\/p>\n<p lang=\"es-TRAD\">Una vez constituida la firma con una visi\u00f3n clara y un compromiso s\u00f3lido, nos hemos enfocado en entender las necesidades reales de nuestros clientes, en desarrollar metodolog\u00edas de trabajo eficientes, en implementar modelos de servicio innovadores, en desarrollar herramientas de trabajo efectivas y en realizar una constante evaluaci\u00f3n de nuestro desempe\u00f1o para perfilar y alinear nuestros resultados hacia la visi\u00f3n de la firma.<\/p>\n<p>[\/vc_column_text][\/vc_column_inner][\/vc_row_inner][\/vc_column][\/vc_row]<\/p>\n","protected":false},"excerpt":{"rendered":"<p>[vc_row row_height_percent=&#8221;0&#8243; override_padding=&#8221;yes&#8221; h_padding=&#8221;2&#8243; top_padding=&#8221;3&#8243; bottom_padding=&#8221;3&#8243; overlay_color=&#8221;color-xsdn&#8221; overlay_alpha=&#8221;70&#8243; gutter_size=&#8221;100&#8243; shift_y=&#8221;0&#8243; style=&#8221;inherited&#8221; row_name=&#8221;Welcome&#8221;][vc_column column_width_percent=&#8221;100&#8243; gutter_size=&#8221;1&#8243; overlay_alpha=&#8221;50&#8243; shift_x=&#8221;0&#8243; shift_y=&#8221;0&#8243; z_index=&#8221;0&#8243; medium_width=&#8221;0&#8243; width=&#8221;1\/4&#8243;][vc_custom_heading [&hellip;]<\/p>\n","protected":false},"author":1,"featured_media":0,"parent":0,"menu_order":0,"comment_status":"closed","ping_status":"closed","template":"","meta":{"footnotes":""},"class_list":["post-83206","page","type-page","status-publish","hentry"],"_links":{"self":[{"href":"https:\/\/legap.com.co\/us\/wp-json\/wp\/v2\/pages\/83206","targetHints":{"allow":["GET"]}}],"collection":[{"href":"https:\/\/legap.com.co\/us\/wp-json\/wp\/v2\/pages"}],"about":[{"href":"https:\/\/legap.com.co\/us\/wp-json\/wp\/v2\/types\/page"}],"author":[{"embeddable":true,"href":"https:\/\/legap.com.co\/us\/wp-json\/wp\/v2\/users\/1"}],"replies":[{"embeddable":true,"href":"https:\/\/legap.com.co\/us\/wp-json\/wp\/v2\/comments?post=83206"}],"version-history":[{"count":4,"href":"https:\/\/legap.com.co\/us\/wp-json\/wp\/v2\/pages\/83206\/revisions"}],"predecessor-version":[{"id":83393,"href":"https:\/\/legap.com.co\/us\/wp-json\/wp\/v2\/pages\/83206\/revisions\/83393"}],"wp:attachment":[{"href":"https:\/\/legap.com.co\/us\/wp-json\/wp\/v2\/media?parent=83206"}],"curies":[{"name":"wp","href":"https:\/\/api.w.org\/{rel}","templated":true}]}}