{"id":83075,"date":"2015-03-08T23:07:12","date_gmt":"2015-03-08T22:07:12","guid":{"rendered":"https:\/\/www.undsgn.com\/uncode\/?page_id=10185"},"modified":"2021-02-19T18:57:17","modified_gmt":"2021-02-19T18:57:17","slug":"revisoria-fiscal","status":"publish","type":"page","link":"https:\/\/legap.com.co\/us\/revisoria-fiscal\/","title":{"rendered":"Marketing"},"content":{"rendered":"<p>[vc_row row_height_percent=&#8221;100&#8243; back_color=&#8221;color-wayh&#8221; overlay_alpha=&#8221;50&#8243; gutter_size=&#8221;3&#8243; column_width_percent=&#8221;100&#8243; shift_y=&#8221;0&#8243; z_index=&#8221;0&#8243;][vc_column width=&#8221;1\/1&#8243;][uncode_slider slider_type=&#8221;fade&#8221; slider_interval=&#8221;5000&#8243; slider_navspeed=&#8221;400&#8243; slider_loop=&#8221;yes&#8221;][vc_row_inner row_inner_height_percent=&#8221;0&#8243; back_color=&#8221;color-wayh&#8221; back_image=&#8221;83376&#8243; parallax=&#8221;yes&#8221; overlay_color=&#8221;color-wayh&#8221; overlay_alpha=&#8221;50&#8243; gutter_size=&#8221;3&#8243; shift_y=&#8221;0&#8243; z_index=&#8221;0&#8243;][vc_column_inner column_width_percent=&#8221;100&#8243; position_vertical=&#8221;middle&#8221; align_horizontal=&#8221;align_center&#8221; gutter_size=&#8221;3&#8243; style=&#8221;dark&#8221; overlay_alpha=&#8221;50&#8243; shift_x=&#8221;0&#8243; shift_y=&#8221;0&#8243; shift_y_down=&#8221;0&#8243; z_index=&#8221;0&#8243; medium_width=&#8221;0&#8243; mobile_width=&#8221;0&#8243; zoom_width=&#8221;0&#8243; zoom_height=&#8221;0&#8243; width=&#8221;1\/1&#8243;][vc_button button_color=&#8221;accent&#8221; border_width=&#8221;0&#8243; css_animation=&#8221;bottom-t-top&#8221; animation_delay=&#8221;800&#8243; link=&#8221;url:%23decla|||&#8221;]Cotizar servicio &gt; [\/vc_button][\/vc_column_inner][\/vc_row_inner][\/uncode_slider][\/vc_column][\/vc_row][vc_row row_height_percent=&#8221;50&#8243; override_padding=&#8221;yes&#8221; h_padding=&#8221;2&#8243; top_padding=&#8221;5&#8243; bottom_padding=&#8221;5&#8243; back_color=&#8221;color-wayh&#8221; overlay_color=&#8221;color-wayh&#8221; overlay_alpha=&#8221;50&#8243; gutter_size=&#8221;100&#8243; column_width_percent=&#8221;100&#8243; shift_y=&#8221;0&#8243; z_index=&#8221;0&#8243; style=&#8221;inherited&#8221;][vc_column column_width_percent=&#8221;100&#8243; position_vertical=&#8221;middle&#8221; align_horizontal=&#8221;align_center&#8221; gutter_size=&#8221;3&#8243; style=&#8221;dark&#8221; overlay_alpha=&#8221;50&#8243; shift_x=&#8221;0&#8243; shift_y=&#8221;0&#8243; shift_y_down=&#8221;0&#8243; z_index=&#8221;0&#8243; medium_width=&#8221;0&#8243; mobile_width=&#8221;0&#8243; zoom_width=&#8221;0&#8243; zoom_height=&#8221;0&#8243; width=&#8221;1\/1&#8243;][vc_row_inner row_inner_height_percent=&#8221;0&#8243; overlay_alpha=&#8221;50&#8243; gutter_size=&#8221;4&#8243; shift_y=&#8221;0&#8243;][vc_column_inner column_width_percent=&#8221;100&#8243; align_horizontal=&#8221;align_center&#8221; gutter_size=&#8221;3&#8243; style=&#8221;dark&#8221; overlay_alpha=&#8221;50&#8243; shift_x=&#8221;0&#8243; shift_y=&#8221;0&#8243; shift_y_down=&#8221;0&#8243; z_index=&#8221;0&#8243; medium_width=&#8221;0&#8243; mobile_width=&#8221;0&#8243; width=&#8221;1\/3&#8243;][vc_icon icon=&#8221;fa fa-star-o&#8221; size=&#8221;fa-4x&#8221; text_size=&#8221;h4&#8243; align=&#8221;left&#8221; title=&#8221;Profesionales&#8221;]Contamos con profesionales formados en las firmas m\u00e1s prestigiosas a nivel mundial.[\/vc_icon][\/vc_column_inner][vc_column_inner column_width_percent=&#8221;100&#8243; align_horizontal=&#8221;align_center&#8221; gutter_size=&#8221;3&#8243; style=&#8221;dark&#8221; overlay_alpha=&#8221;50&#8243; shift_x=&#8221;0&#8243; shift_y=&#8221;0&#8243; shift_y_down=&#8221;0&#8243; z_index=&#8221;0&#8243; medium_width=&#8221;0&#8243; mobile_width=&#8221;0&#8243; width=&#8221;1\/3&#8243;][vc_icon icon=&#8221;fa fa-star-o&#8221; size=&#8221;fa-4x&#8221; text_size=&#8221;h4&#8243; align=&#8221;left&#8221; title=&#8221;Planes Efectivos&#8221;]Nos preocupamos por entender su negocio para generar propuestas de valor.[\/vc_icon][\/vc_column_inner][vc_column_inner column_width_percent=&#8221;100&#8243; align_horizontal=&#8221;align_center&#8221; gutter_size=&#8221;3&#8243; style=&#8221;dark&#8221; overlay_alpha=&#8221;50&#8243; shift_x=&#8221;0&#8243; shift_y=&#8221;0&#8243; shift_y_down=&#8221;0&#8243; z_index=&#8221;0&#8243; medium_width=&#8221;0&#8243; mobile_width=&#8221;0&#8243; width=&#8221;1\/3&#8243;][vc_icon icon=&#8221;fa fa-star-o&#8221; size=&#8221;fa-4x&#8221; text_size=&#8221;h4&#8243; align=&#8221;left&#8221; title=&#8221;Metodolog\u00eda&#8221;]Nuestra metodolog\u00eda contempla procesos de revisi\u00f3n sistem\u00e1ticos e independientes.[\/vc_icon][\/vc_column_inner][\/vc_row_inner][\/vc_column][\/vc_row][vc_row row_height_percent=&#8221;0&#8243; override_padding=&#8221;yes&#8221; h_padding=&#8221;2&#8243; top_padding=&#8221;5&#8243; bottom_padding=&#8221;5&#8243; back_color=&#8221;color-wayh&#8221; overlay_alpha=&#8221;100&#8243; gutter_size=&#8221;100&#8243; column_width_percent=&#8221;100&#8243; shift_y=&#8221;0&#8243; z_index=&#8221;0&#8243; style=&#8221;inherited&#8221;][vc_column column_width_percent=&#8221;100&#8243; align_horizontal=&#8221;align_center&#8221; gutter_size=&#8221;3&#8243; style=&#8221;dark&#8221; overlay_alpha=&#8221;50&#8243; shift_x=&#8221;0&#8243; shift_y=&#8221;0&#8243; shift_y_down=&#8221;0&#8243; z_index=&#8221;0&#8243; medium_width=&#8221;0&#8243; mobile_width=&#8221;0&#8243; zoom_width=&#8221;0&#8243; zoom_height=&#8221;0&#8243; width=&#8221;1\/1&#8243;][uncode_slider slider_interval=&#8221;5000&#8243; slider_navspeed=&#8221;1000&#8243;][vc_row_inner row_inner_height_percent=&#8221;0&#8243; back_color=&#8221;color-wayh&#8221; overlay_alpha=&#8221;50&#8243; gutter_size=&#8221;4&#8243; shift_y=&#8221;0&#8243; z_index=&#8221;0&#8243;][vc_column_inner column_width_use_pixel=&#8221;yes&#8221; align_horizontal=&#8221;align_center&#8221; gutter_size=&#8221;3&#8243; style=&#8221;dark&#8221; overlay_alpha=&#8221;50&#8243; shift_x=&#8221;0&#8243; shift_y=&#8221;0&#8243; shift_y_down=&#8221;0&#8243; z_index=&#8221;0&#8243; medium_width=&#8221;0&#8243; mobile_width=&#8221;0&#8243; width=&#8221;1\/1&#8243; column_width_pixel=&#8221;900&#8243;][vc_custom_heading text_size=&#8221;fontsize-155944&#8243;]Nuestra metodolog\u00eda incluye una t\u00e9cnica desarrollada para cumplir con las Normas Internacionales de Auditor\u00eda.[\/vc_custom_heading][vc_button button_color=&#8221;accent&#8221; border_width=&#8221;0&#8243; link=&#8221;url:https%3A%2F%2Fclientify.net%2Fresources%2Ffiles%2Fdownload-url%2F52262%2F|||&#8221; el_id=&#8221;decla&#8221;]Descargar Metodolog\u00eda [\/vc_button][\/vc_column_inner][\/vc_row_inner][\/uncode_slider][\/vc_column][\/vc_row][vc_row row_height_percent=&#8221;0&#8243; override_padding=&#8221;yes&#8221; h_padding=&#8221;2&#8243; top_padding=&#8221;5&#8243; bottom_padding=&#8221;5&#8243; overlay_alpha=&#8221;100&#8243; gutter_size=&#8221;100&#8243; column_width_percent=&#8221;100&#8243; shift_y=&#8221;0&#8243; z_index=&#8221;0&#8243; style=&#8221;inherited&#8221;][vc_column column_width_percent=&#8221;100&#8243; align_horizontal=&#8221;align_center&#8221; gutter_size=&#8221;3&#8243; style=&#8221;light&#8221; overlay_alpha=&#8221;50&#8243; shift_x=&#8221;0&#8243; shift_y=&#8221;0&#8243; z_index=&#8221;0&#8243; medium_width=&#8221;0&#8243; zoom_width=&#8221;0&#8243; zoom_height=&#8221;0&#8243; width=&#8221;1\/1&#8243;][uncode_slider slider_interval=&#8221;5000&#8243; slider_navspeed=&#8221;1000&#8243;][vc_row_inner row_inner_height_percent=&#8221;0&#8243; overlay_color=&#8221;color-gyho&#8221; overlay_alpha=&#8221;50&#8243; gutter_size=&#8221;4&#8243; shift_y=&#8221;0&#8243;][vc_column_inner width=&#8221;1\/2&#8243;][vc_custom_heading heading_semantic=&#8221;h6&#8243; text_size=&#8221;fontsize-160000&#8243; text_transform=&#8221;uppercase&#8221; text_space=&#8221;fontspace-135905&#8243; text_color=&#8221;accent&#8221;]Generar cotizaci\u00f3n[\/vc_custom_heading][vc_custom_heading text_size=&#8221;fontsize-155944&#8243;]Registra tu empresa en nuestro formulario y cotiza:[\/vc_custom_heading][vc_column_text text_lead=&#8221;yes&#8221;]<\/p>\n<p>Un servicio de Revisor\u00eda Fiscal enfocado en lograr que su informaci\u00f3n financiera transmita seguridad. Nuestra firma le ofrecer\u00e1 un acompa\u00f1amiento permanente, oportuno, preventivo e independiente bajo los siguientes enfoques:<\/p>\n<ol>\n<li>Ofrecemos procesos y mecanismos de control para su empresa.<\/li>\n<li>Aplicamos un enfoque basado en normas internacionales de auditor\u00eda.<\/li>\n<li>Nuestra promesa de valor es asegurar un acompa\u00f1amiento permanente.<\/li>\n<\/ol>\n<p>[\/vc_column_text][\/vc_column_inner][vc_column_inner width=&#8221;1\/2&#8243;][vc_raw_html el_id=&#8221;formrev&#8221;]JTNDc2NyaXB0JTIwdHlwZSUzRCUyMnRleHQlMkZqYXZhc2NyaXB0JTIyJTIwc3JjJTNEJTIyaHR0cHMlM0ElMkYlMkZjbGllbnRpZnkubmV0JTJGd2ViLW1hcmtldGluZyUyRndlYmZvcm1zJTJGc2NyaXB0JTJGMjc2MjAuanMlMjIlM0UlM0MlMkZzY3JpcHQlM0U=[\/vc_raw_html][\/vc_column_inner][\/vc_row_inner][\/uncode_slider][\/vc_column][\/vc_row][vc_row row_height_percent=&#8221;0&#8243; override_padding=&#8221;yes&#8221; h_padding=&#8221;2&#8243; top_padding=&#8221;4&#8243; bottom_padding=&#8221;0&#8243; overlay_alpha=&#8221;50&#8243; gutter_size=&#8221;4&#8243; column_width_percent=&#8221;100&#8243; shift_y=&#8221;0&#8243; z_index=&#8221;0&#8243; el_id=&#8221;formulario&#8221;][vc_column column_width_percent=&#8221;100&#8243; position_horizontal=&#8221;right&#8221; position_vertical=&#8221;middle&#8221; gutter_size=&#8221;3&#8243; overlay_alpha=&#8221;50&#8243; shift_x=&#8221;0&#8243; shift_y=&#8221;0&#8243; z_index=&#8221;0&#8243; medium_width=&#8221;7&#8243; width=&#8221;1\/2&#8243;][vc_custom_heading text_size=&#8221;h1&#8243; text_weight=&#8221;300&#8243; sub_lead=&#8221;yes&#8221;][\/vc_custom_heading][vc_column_text]Knowledge facilitates correct decision making. Therefore, we suggest that before embarking on the adventure<br \/>\nof entrepreneurship, take your first steps from a formal investigation.<\/p>\n<p>Depending on each case and after its study, we recommend carrying out a research mix on some of the<br \/>\nfollowing parameters:<\/p>\n<p>\uf0b7 Market<br \/>\n\uf0b7 Consumers<br \/>\n\uf0b7 Sales channels<br \/>\n\uf0b7 Commercial processes. &#8211; Work systems<br \/>\n\uf0b7 Locations<br \/>\n\uf0b7 Competition<br \/>\n\uf0b7 Buyers<br \/>\n\uf0b7 Business concept<br \/>\n\uf0b7 Marketing<br \/>\n\uf0b7 Partners<br \/>\n\uf0b7 Franchises<\/p>\n<p>Based on the knowledge acquired, we design the marketing plan for the implementation, launch and<br \/>\nconsolidation of your company in Colombia in B2B and B2C environments, both in the online and offline<br \/>\nsegments.<\/p>\n<p>We help you build businesses with a solid base based on tangible and tailored services, for small business and global projects.[\/vc_column_text][vc_empty_space empty_h=&#8221;2&#8243; desktop_visibility=&#8221;yes&#8221;][\/vc_column][vc_column column_width_percent=&#8221;100&#8243; gutter_size=&#8221;3&#8243; overlay_alpha=&#8221;50&#8243; shift_x=&#8221;0&#8243; shift_y=&#8221;0&#8243; z_index=&#8221;0&#8243; medium_visibility=&#8221;yes&#8221; medium_width=&#8221;4&#8243; mobile_visibility=&#8221;yes&#8221; width=&#8221;1\/2&#8243;][vc_single_image media=&#8221;83133&#8243; media_width_use_pixel=&#8221;yes&#8221; advanced=&#8221;yes&#8221; media_overlay_opacity=&#8221;50&#8243; media_overlay_anim=&#8221;no&#8221; media_text_anim=&#8221;no&#8221; media_image_anim=&#8221;no&#8221; media_padding=&#8221;2&#8243; css_animation=&#8221;right-t-left&#8221; animation_delay=&#8221;200&#8243; media_width_pixel=&#8221;650&#8243;][\/vc_column][\/vc_row][vc_row row_height_percent=&#8221;0&#8243; override_padding=&#8221;yes&#8221; h_padding=&#8221;2&#8243; top_padding=&#8221;5&#8243; bottom_padding=&#8221;5&#8243; back_color=&#8221;color-prif&#8221; overlay_alpha=&#8221;50&#8243; gutter_size=&#8221;3&#8243; column_width_percent=&#8221;100&#8243; shift_y=&#8221;0&#8243; z_index=&#8221;0&#8243;][vc_column column_width_percent=&#8221;100&#8243; align_horizontal=&#8221;align_center&#8221; gutter_size=&#8221;2&#8243; style=&#8221;dark&#8221; overlay_alpha=&#8221;50&#8243; shift_x=&#8221;0&#8243; shift_y=&#8221;0&#8243; z_index=&#8221;0&#8243; medium_width=&#8221;0&#8243; mobile_width=&#8221;0&#8243; width=&#8221;1\/1&#8243;][vc_custom_heading css_animation=&#8221;bottom-t-top&#8221; animation_delay=&#8221;200&#8243;]Comun\u00edcate con uno de nuestros consultores[\/vc_custom_heading][vc_empty_space empty_h=&#8221;1&#8243;][vc_button button_color=&#8221;accent&#8221; size=&#8221;btn-lg&#8221; radius=&#8221;btn-circle&#8221; text_skin=&#8221;yes&#8221; custom_typo=&#8221;yes&#8221; font_family=&#8221;font-377884&#8243; font_weight=&#8221;500&#8243; border_width=&#8221;0&#8243; css_animation=&#8221;zoom-in&#8221; animation_delay=&#8221;400&#8243; italic=&#8221;&#8221; link=&#8221;url:%20https%3A%2F%2Fwa.me%2F573138945740||target:%20_blank|&#8221; onclick=&#8221;trackOutboundLink(&#8216;http:\/\/themeforest.net\/item\/uncode-creative-multiuse-wordpress-theme\/13373220?utm_source=undsgncta&amp;ref=undsgn&amp;license=regular&amp;open_purchase_for_item_id=13373220&amp;purchasable=source&#8217;); return false;&#8221;]CONTACTAR CONSULTOR &gt;[\/vc_button][vc_raw_html]JTNDc2NyaXB0JTIwdHlwZSUzRCUyMnRleHQlMkZqYXZhc2NyaXB0JTIyJTIwc3JjJTNEJTIyaHR0cHMlM0ElMkYlMkZjbGllbnRpZnkubmV0JTJGd2ViLW1hcmtldGluZyUyRnN1cGVyZm9ybXMlMkZzY3JpcHQlMkYyNzU4MC5qcyUyMiUzRSUzQyUyRnNjcmlwdCUzRQ==[\/vc_raw_html][\/vc_column][\/vc_row][vc_row row_height_percent=&#8221;0&#8243; override_padding=&#8221;yes&#8221; h_padding=&#8221;2&#8243; top_padding=&#8221;4&#8243; bottom_padding=&#8221;0&#8243; back_color=&#8221;color-lxmt&#8221; overlay_alpha=&#8221;50&#8243; gutter_size=&#8221;4&#8243; border_color=&#8221;color-gyho&#8221; border_style=&#8221;solid&#8221; shift_y=&#8221;0&#8243; css=&#8221;.vc_custom_1475057164549{border-top-width: 1px !important;}&#8221;][vc_column column_width_percent=&#8221;100&#8243; gutter_size=&#8221;3&#8243; overlay_alpha=&#8221;50&#8243; shift_x=&#8221;0&#8243; shift_y=&#8221;0&#8243; z_index=&#8221;0&#8243; medium_visibility=&#8221;yes&#8221; medium_width=&#8221;4&#8243; mobile_visibility=&#8221;yes&#8221; width=&#8221;1\/2&#8243;][vc_single_image media=&#8221;82926&#8243; media_width_use_pixel=&#8221;yes&#8221; alignment=&#8221;right&#8221; advanced=&#8221;yes&#8221; media_overlay_opacity=&#8221;50&#8243; media_overlay_anim=&#8221;no&#8221; media_text_anim=&#8221;no&#8221; media_image_anim=&#8221;no&#8221; media_padding=&#8221;2&#8243; css_animation=&#8221;left-t-right&#8221; animation_delay=&#8221;200&#8243; media_width_pixel=&#8221;650&#8243;][\/vc_column][vc_column column_width_percent=&#8221;100&#8243; position_horizontal=&#8221;left&#8221; position_vertical=&#8221;middle&#8221; gutter_size=&#8221;3&#8243; overlay_alpha=&#8221;50&#8243; shift_x=&#8221;0&#8243; shift_y=&#8221;0&#8243; z_index=&#8221;0&#8243; medium_width=&#8221;7&#8243; width=&#8221;1\/2&#8243;][vc_column_text]<span style=\"font-weight: 400;\">La evoluci\u00f3n y la expectativa del servicio de Revisor\u00eda Fiscal nos ha llevado a dise\u00f1ar una metodolog\u00eda que no se limita a la identificaci\u00f3n de inconsistencias, problemas o deficiencias; por lo tanto, contempla un enfoque de mejoramiento continuo a trav\u00e9s de la identificaci\u00f3n y generaci\u00f3n de sugerencias, recomendaciones y seguimientos eficientes direccionadas a materializar las oportunidades de mejora identificadas (Generaci\u00f3n de valor).<\/span><\/p>\n<p><span style=\"font-weight: 400;\">Nuestro servicio incluye:<\/span><\/p>\n<ul>\n<li style=\"font-weight: 400;\"><span style=\"font-weight: 400;\">Verificaci\u00f3n de comprobantes, libros oficiales y de registro.<\/span><\/li>\n<li style=\"font-weight: 400;\"><span style=\"font-weight: 400;\">Informar al m\u00e1ximo \u00f3rgano de control de cualquier irregularidad identificada.<\/span><\/li>\n<li style=\"font-weight: 400;\"><span style=\"font-weight: 400;\">Evaluaci\u00f3n del sistema de control interno.<\/span><\/li>\n<li style=\"font-weight: 400;\"><span style=\"font-weight: 400;\">Evaluaci\u00f3n de cumplimiento.<\/span><\/li>\n<li style=\"font-weight: 400;\"><span style=\"font-weight: 400;\">Validar la ejecuci\u00f3n de las decisiones de la Asamblea y la Junta Directiva.<\/span><\/li>\n<li style=\"font-weight: 400;\"><span style=\"font-weight: 400;\">Colaborar con las entidades gubernamentales de control.<\/span><\/li>\n<li style=\"font-weight: 400;\"><span style=\"font-weight: 400;\">Velar por la adecuada conservaci\u00f3n y utilizaci\u00f3n de los activos.<\/span><\/li>\n<li style=\"font-weight: 400;\"><span style=\"font-weight: 400;\">Revisi\u00f3n y firma de las declaraciones tributarias.<\/span><\/li>\n<li style=\"font-weight: 400;\"><span style=\"font-weight: 400;\">Opini\u00f3n sobre la razonabilidad de los Estados Financieros.<\/span><\/li>\n<\/ul>\n<p>[\/vc_column_text][vc_empty_space empty_h=&#8221;2&#8243; desktop_visibility=&#8221;yes&#8221;][\/vc_column][\/vc_row]<\/p>\n","protected":false},"excerpt":{"rendered":"<p>[vc_row row_height_percent=&#8221;100&#8243; back_color=&#8221;color-wayh&#8221; overlay_alpha=&#8221;50&#8243; gutter_size=&#8221;3&#8243; column_width_percent=&#8221;100&#8243; shift_y=&#8221;0&#8243; z_index=&#8221;0&#8243;][vc_column width=&#8221;1\/1&#8243;][uncode_slider slider_type=&#8221;fade&#8221; slider_interval=&#8221;5000&#8243; slider_navspeed=&#8221;400&#8243; slider_loop=&#8221;yes&#8221;][vc_row_inner row_inner_height_percent=&#8221;0&#8243; back_color=&#8221;color-wayh&#8221; back_image=&#8221;83376&#8243; parallax=&#8221;yes&#8221; overlay_color=&#8221;color-wayh&#8221; overlay_alpha=&#8221;50&#8243; gutter_size=&#8221;3&#8243; [&hellip;]<\/p>\n","protected":false},"author":2,"featured_media":0,"parent":0,"menu_order":0,"comment_status":"open","ping_status":"open","template":"","meta":{"footnotes":""},"class_list":["post-83075","page","type-page","status-publish","hentry"],"_links":{"self":[{"href":"https:\/\/legap.com.co\/us\/wp-json\/wp\/v2\/pages\/83075","targetHints":{"allow":["GET"]}}],"collection":[{"href":"https:\/\/legap.com.co\/us\/wp-json\/wp\/v2\/pages"}],"about":[{"href":"https:\/\/legap.com.co\/us\/wp-json\/wp\/v2\/types\/page"}],"author":[{"embeddable":true,"href":"https:\/\/legap.com.co\/us\/wp-json\/wp\/v2\/users\/2"}],"replies":[{"embeddable":true,"href":"https:\/\/legap.com.co\/us\/wp-json\/wp\/v2\/comments?post=83075"}],"version-history":[{"count":6,"href":"https:\/\/legap.com.co\/us\/wp-json\/wp\/v2\/pages\/83075\/revisions"}],"predecessor-version":[{"id":83635,"href":"https:\/\/legap.com.co\/us\/wp-json\/wp\/v2\/pages\/83075\/revisions\/83635"}],"wp:attachment":[{"href":"https:\/\/legap.com.co\/us\/wp-json\/wp\/v2\/media?parent=83075"}],"curies":[{"name":"wp","href":"https:\/\/api.w.org\/{rel}","templated":true}]}}