{"id":82953,"date":"2020-07-16T18:47:17","date_gmt":"2020-07-16T18:47:17","guid":{"rendered":"https:\/\/legap.com.co\/us\/?page_id=82953"},"modified":"2020-07-16T18:47:17","modified_gmt":"2020-07-16T18:47:17","slug":"preguntas-frecuentes","status":"publish","type":"page","link":"https:\/\/legap.com.co\/us\/preguntas-frecuentes\/","title":{"rendered":"Preguntas Frecuentes"},"content":{"rendered":"<p>[vc_row row_height_percent=&#8221;0&#8243; override_padding=&#8221;yes&#8221; h_padding=&#8221;2&#8243; top_padding=&#8221;3&#8243; bottom_padding=&#8221;3&#8243; overlay_alpha=&#8221;100&#8243; gutter_size=&#8221;100&#8243; style=&#8221;inherited&#8221;][vc_column column_width_percent=&#8221;100&#8243; overlay_alpha=&#8221;50&#8243; gutter_size=&#8221;3&#8243; medium_width=&#8221;0&#8243; shift_x=&#8221;0&#8243; shift_y=&#8221;0&#8243; zoom_width=&#8221;0&#8243; zoom_height=&#8221;0&#8243; width=&#8221;1\/1&#8243;][vc_custom_heading heading_semantic=&#8221;h3&#8243; text_size=&#8221;h3&#8243; text_space=&#8221;fontspace-781688&#8243; text_font=&#8221;font-762333&#8243;][\/vc_custom_heading][vc_accordion][vc_accordion_tab title=&#8221;\u00bfTrabajan solo con empresas grandes o tambi\u00e9n medianas y peque\u00f1as? &#8221; tab_id=&#8221;2cf9b8ba-dae8-9&#8243;][vc_column_text]<\/p>\n<p style=\"font-weight: 400;\">Somos un grupo de profesionales con m\u00e1s de 25 a\u00f1os de experiencia en la prestaci\u00f3n de servicios relacionados con Asesor\u00eda Contable, Direccionamiento Estrat\u00e9gico y Auditor\u00eda. Nos enfocamos en entender el entorno y la actividad principal de su organizaci\u00f3n con el objetivo de aplicar de manera efectiva nuestro portafolio de servicios.<\/p>\n<p style=\"font-weight: 400;\">En LeGap Asesores S.A.S., estamos comprometidos con brindar servicios de alta calidad, encaminados a dar respuesta a diferentes situaciones de manera efectiva y transparente. Hemos dise\u00f1ado metodolog\u00edas de trabajo eficientes manteniendo una excelente relaci\u00f3n costo beneficio, lo cual nos permite trabajar con empresas de diferentes dimensiones.<\/p>\n<p style=\"font-weight: 400;\">Nuestro principal objetivo es convertirnos en socios estrat\u00e9gicos de nuestros clientes a trav\u00e9s de un acompa\u00f1amiento adecuado en la consecuci\u00f3n de sus objetivos estrat\u00e9gicos.<\/p>\n<p>[\/vc_column_text][\/vc_accordion_tab][vc_accordion_tab title=&#8221;\u00bfC\u00f3mo adquiero sus servicios? &#8221; tab_id=&#8221;571a8fc8-d32e-4&#8243;][vc_column_text]Aprovechando que estas navegando en nuestra pagina, conociendo nuestro portafolio de servicios profesionales de las ciencias contables, puedes a trav\u00e9s de la secci\u00f3n &#8220;<strong>contacto&#8221; <\/strong>que encontrar\u00e1s en el men\u00fa,\u00a0\u00a0ingresar los datos b\u00e1sicos solicitados y uno de nuestros profesionales estar\u00e1 dispuesto a escuchar tus necesidades y requerimientos de nuestros servicios, con el objetivo de enfocar nuestra propuesta de servicios.\u00a0 Preferiblemente, nos gustar\u00eda poder agendar una reuni\u00f3n.[\/vc_column_text][\/vc_accordion_tab][vc_accordion_tab title=&#8221;\u00bfC\u00f3mo se establecen las tarifas? &#8221; tab_id=&#8221;f638ce32-c3f6-2&#8243;][vc_column_text]<\/p>\n<p style=\"font-weight: 400;\">El m\u00e9todo que utilizamos para estimar los honorarios de nuestros servicios profesionales (Revisor\u00eda Fiscal, Outsourcing Contable, Asesor\u00eda Tributaria y Control interno entre otros), incluye factores, tales como:\u00a0Costos fijos y variables, consideraciones sobre el nivel de habilidades y conocimientos profesionales de nuestro equipo de trabajo,\u00a0informaci\u00f3n recibida sobre el alcance, la presunci\u00f3n de la total y oportuna cooperaci\u00f3n por parte del equipo de trabajo del cliente y el tiempo (Horas) estimado `para la prestaci\u00f3n del servicios.<\/p>\n<p style=\"font-weight: 400;\">Nuestras tarifas reflejan nuestro deseo de generar, desarrollar y fortalecer relaciones comerciales provechosas y de largo plazo manteniendo una excelente relaci\u00f3n costo beneficio.<\/p>\n<p>[\/vc_column_text][\/vc_accordion_tab][vc_accordion_tab title=&#8221;\u00bfTiempos de entrega? &#8221; tab_id=&#8221;6281cf8c-e885-4&#8243;][vc_column_text]<\/p>\n<p style=\"font-weight: 400;\">Una vez ingrese sus datos b\u00e1sicos en la secci\u00f3n de \u201ccontacto\u201d, nuestro equipo de mercadeo direccionar\u00e1 el servicio que solicit\u00f3 a uno de los miembros de nuestro equipo de liderazgo dependiendo de la linea de servicio (Aseguramiento \/ Asesor\u00eda \/ Impuestos).<\/p>\n<p style=\"font-weight: 400;\">Posteriormente, le contactaremos para realizar un entendimiento general de sus necesidades y de esta manera establecer el alcance y enfoque de nuestros servicios.<\/p>\n<p style=\"font-weight: 400;\">Con base en esta informaci\u00f3n, elaboraremos una oferta de servicios que contiene la descripci\u00f3n detallada de nuestro alcance, los objetivos espec\u00edficos de el servicio a prestar, el enfoque, nuestros compromisos, la descripci\u00f3n de nuestra metodolog\u00eda, la relaci\u00f3n de entregables, el cronograma la hoja de vida del equipo de trabajo asignado y los honorarios propuestos.\u00a0 Finalmente, sugerimos agendar una reuni\u00f3n en la que podamos alinear las expectativas y establecer los acuerdos requeridos para iniciar nuestra relaci\u00f3n comercial.<\/p>\n<p>[\/vc_column_text][\/vc_accordion_tab][vc_accordion_tab title=&#8221;\u00bfCu\u00e1les son los entregables? &#8221; tab_id=&#8221;1523488310772-4-0&#8243;][vc_column_text]<\/p>\n<p style=\"font-weight: 400;\">Nos preocupamos por entender las necesidades de nuestros clientes para poder aportar de manera significativa en el logro de los objetivos estrat\u00e9gicos a trav\u00e9s de soluciones y servicios dise\u00f1ados espec\u00edficamente para cada situaci\u00f3n.<\/p>\n<p style=\"font-weight: 400;\">Adicionalmente consideramos que nuestra metodolog\u00eda esta enfocada en generar confianza sobre nuestros resultados. Por \u00faltimo, la calidad de nuestros servicios, nuestros valores, la efectividad de nuestros resultados y la transparencia de nuestros procedimientos, representan nuestro enfoque en hacer siempre lo correcto.<\/p>\n<p>[\/vc_column_text][\/vc_accordion_tab][\/vc_accordion][\/vc_column][\/vc_row][vc_row row_height_percent=&#8221;0&#8243; override_padding=&#8221;yes&#8221; h_padding=&#8221;2&#8243; top_padding=&#8221;5&#8243; bottom_padding=&#8221;5&#8243; back_color=&#8221;color-prif&#8221; overlay_alpha=&#8221;50&#8243; gutter_size=&#8221;3&#8243; column_width_percent=&#8221;100&#8243; shift_y=&#8221;0&#8243; z_index=&#8221;0&#8243;][vc_column column_width_percent=&#8221;100&#8243; align_horizontal=&#8221;align_center&#8221; style=&#8221;dark&#8221; overlay_alpha=&#8221;50&#8243; gutter_size=&#8221;2&#8243; medium_width=&#8221;0&#8243; mobile_width=&#8221;0&#8243; shift_x=&#8221;0&#8243; shift_y=&#8221;0&#8243; shift_y_down=&#8221;0&#8243; z_index=&#8221;0&#8243; width=&#8221;1\/1&#8243;][vc_custom_heading css_animation=&#8221;bottom-t-top&#8221; animation_delay=&#8221;200&#8243;]Solicita la cotizaci\u00f3n de nuestros servicios[\/vc_custom_heading][vc_custom_heading heading_semantic=&#8221;h3&#8243; text_size=&#8221;h5&#8243; text_weight=&#8221;400&#8243; text_color=&#8221;color-wvjs&#8221; css_animation=&#8221;bottom-t-top&#8221; animation_delay=&#8221;300&#8243;]o agenda una reuni\u00f3n para hablar con uno de nuestros asesores.[\/vc_custom_heading][vc_empty_space empty_h=&#8221;1&#8243;][vc_button button_color=&#8221;accent&#8221; size=&#8221;btn-lg&#8221; radius=&#8221;btn-circle&#8221; text_skin=&#8221;yes&#8221; custom_typo=&#8221;yes&#8221; font_family=&#8221;font-377884&#8243; font_weight=&#8221;500&#8243; border_width=&#8221;0&#8243; css_animation=&#8221;zoom-in&#8221; animation_delay=&#8221;400&#8243; italic=&#8221;&#8221; link=&#8221;url:http%3A%2F%2Finformacion.legap.com.co%2Ftrabaja_con_nosotros||target:%20_blank|&#8221; onclick=&#8221;trackOutboundLink(&#8216;http:\/\/themeforest.net\/item\/uncode-creative-multiuse-wordpress-theme\/13373220?utm_source=undsgncta&amp;ref=undsgn&amp;license=regular&amp;open_purchase_for_item_id=13373220&amp;purchasable=source&#8217;); return false;&#8221;]Solicitar cotizaci\u00f3n[\/vc_button][\/vc_column][\/vc_row]<\/p>\n","protected":false},"excerpt":{"rendered":"<p>[vc_row row_height_percent=&#8221;0&#8243; override_padding=&#8221;yes&#8221; h_padding=&#8221;2&#8243; top_padding=&#8221;3&#8243; bottom_padding=&#8221;3&#8243; overlay_alpha=&#8221;100&#8243; gutter_size=&#8221;100&#8243; style=&#8221;inherited&#8221;][vc_column column_width_percent=&#8221;100&#8243; overlay_alpha=&#8221;50&#8243; gutter_size=&#8221;3&#8243; medium_width=&#8221;0&#8243; shift_x=&#8221;0&#8243; shift_y=&#8221;0&#8243; zoom_width=&#8221;0&#8243; zoom_height=&#8221;0&#8243; width=&#8221;1\/1&#8243;][vc_custom_heading heading_semantic=&#8221;h3&#8243; text_size=&#8221;h3&#8243; [&hellip;]<\/p>\n","protected":false},"author":1,"featured_media":0,"parent":0,"menu_order":0,"comment_status":"closed","ping_status":"closed","template":"","meta":{"footnotes":""},"class_list":["post-82953","page","type-page","status-publish","hentry"],"_links":{"self":[{"href":"https:\/\/legap.com.co\/us\/wp-json\/wp\/v2\/pages\/82953","targetHints":{"allow":["GET"]}}],"collection":[{"href":"https:\/\/legap.com.co\/us\/wp-json\/wp\/v2\/pages"}],"about":[{"href":"https:\/\/legap.com.co\/us\/wp-json\/wp\/v2\/types\/page"}],"author":[{"embeddable":true,"href":"https:\/\/legap.com.co\/us\/wp-json\/wp\/v2\/users\/1"}],"replies":[{"embeddable":true,"href":"https:\/\/legap.com.co\/us\/wp-json\/wp\/v2\/comments?post=82953"}],"version-history":[{"count":1,"href":"https:\/\/legap.com.co\/us\/wp-json\/wp\/v2\/pages\/82953\/revisions"}],"predecessor-version":[{"id":82954,"href":"https:\/\/legap.com.co\/us\/wp-json\/wp\/v2\/pages\/82953\/revisions\/82954"}],"wp:attachment":[{"href":"https:\/\/legap.com.co\/us\/wp-json\/wp\/v2\/media?parent=82953"}],"curies":[{"name":"wp","href":"https:\/\/api.w.org\/{rel}","templated":true}]}}