{"id":74988,"date":"2020-07-29T17:22:24","date_gmt":"2020-07-29T22:22:24","guid":{"rendered":"https:\/\/legap.com.co\/us\/?page_id=74988"},"modified":"2020-11-16T17:10:43","modified_gmt":"2020-11-16T17:10:43","slug":"outsourcing-de-administracion","status":"publish","type":"page","link":"https:\/\/legap.com.co\/us\/outsourcing-de-administracion\/","title":{"rendered":"Outsourcing de Administraci\u00f3n"},"content":{"rendered":"<p>[vc_row row_height_percent=&#8221;0&#8243; override_padding=&#8221;yes&#8221; h_padding=&#8221;2&#8243; top_padding=&#8221;4&#8243; bottom_padding=&#8221;0&#8243; overlay_alpha=&#8221;50&#8243; gutter_size=&#8221;4&#8243; shift_y=&#8221;0&#8243;][vc_column column_width_percent=&#8221;100&#8243; position_horizontal=&#8221;right&#8221; position_vertical=&#8221;middle&#8221; gutter_size=&#8221;3&#8243; overlay_alpha=&#8221;50&#8243; shift_x=&#8221;0&#8243; shift_y=&#8221;0&#8243; z_index=&#8221;0&#8243; medium_width=&#8221;7&#8243; width=&#8221;1\/2&#8243;][vc_custom_heading text_size=&#8221;h1&#8243; text_weight=&#8221;300&#8243; sub_lead=&#8221;yes&#8221;][\/vc_custom_heading][vc_column_text]<span style=\"font-weight: 400;\">Como parte integral de la administraci\u00f3n que cualquier emprendimiento requiere para soportar sus procesos misionales y estrat\u00e9gicos, se debe contemplar la gesti\u00f3n de facturaci\u00f3n de bienes y servicios as\u00ed como la gesti\u00f3n de costos (dependiendo del modelo de negocio).<\/span><\/p>\n<p><span style=\"font-weight: 400;\">En LeGap Asesores S.A.S. hemos dise\u00f1ado el servicio de tercerizaci\u00f3n enfocado en generar eficiencias en el proceso de facturaci\u00f3n de ventas, en cumplimiento de las disposiciones legales vigentes en materia tributaria y comercial mediante la elaboraci\u00f3n de facturas de venta electr\u00f3nica con validaci\u00f3n previa en coordinaci\u00f3n con la gesti\u00f3n comercial.<\/span><\/p>\n<p><span style=\"font-weight: 400;\">En cuanto a la gesti\u00f3n del modelo de costos, buscamos dise\u00f1ar e implementar una metodolog\u00eda que nos permita un adecuado c\u00e1lculo y an\u00e1lisis del margen operativo en funci\u00f3n de las caracter\u00edsticas espec\u00edficas del negocio permitiendo de esta manera, la generaci\u00f3n de informaci\u00f3n veraz, oportuna y relevante para la toma de decisiones.<\/span>[\/vc_column_text][vc_empty_space empty_h=&#8221;2&#8243; desktop_visibility=&#8221;yes&#8221;][\/vc_column][vc_column column_width_percent=&#8221;100&#8243; gutter_size=&#8221;3&#8243; overlay_alpha=&#8221;50&#8243; shift_x=&#8221;0&#8243; shift_y=&#8221;0&#8243; z_index=&#8221;0&#8243; medium_visibility=&#8221;yes&#8221; medium_width=&#8221;4&#8243; mobile_visibility=&#8221;yes&#8221; width=&#8221;1\/2&#8243;][vc_single_image media=&#8221;83562&#8243; media_width_use_pixel=&#8221;yes&#8221; advanced=&#8221;yes&#8221; media_overlay_opacity=&#8221;50&#8243; media_overlay_anim=&#8221;no&#8221; media_text_anim=&#8221;no&#8221; media_image_anim=&#8221;no&#8221; media_padding=&#8221;2&#8243; css_animation=&#8221;right-t-left&#8221; animation_delay=&#8221;200&#8243; media_width_pixel=&#8221;650&#8243;][\/vc_column][\/vc_row][vc_row row_height_percent=&#8221;0&#8243; override_padding=&#8221;yes&#8221; h_padding=&#8221;2&#8243; top_padding=&#8221;5&#8243; bottom_padding=&#8221;5&#8243; back_color=&#8221;color-prif&#8221; overlay_alpha=&#8221;50&#8243; gutter_size=&#8221;3&#8243; column_width_percent=&#8221;100&#8243; shift_y=&#8221;0&#8243; z_index=&#8221;0&#8243;][vc_column column_width_percent=&#8221;100&#8243; align_horizontal=&#8221;align_center&#8221; gutter_size=&#8221;2&#8243; style=&#8221;dark&#8221; overlay_alpha=&#8221;50&#8243; shift_x=&#8221;0&#8243; shift_y=&#8221;0&#8243; z_index=&#8221;0&#8243; medium_width=&#8221;0&#8243; mobile_width=&#8221;0&#8243; width=&#8221;1\/1&#8243;][vc_custom_heading css_animation=&#8221;bottom-t-top&#8221; animation_delay=&#8221;200&#8243;]Solicita la cotizaci\u00f3n de nuestros servicios[\/vc_custom_heading][vc_custom_heading heading_semantic=&#8221;h3&#8243; text_size=&#8221;h5&#8243; text_weight=&#8221;400&#8243; text_color=&#8221;color-wvjs&#8221; css_animation=&#8221;bottom-t-top&#8221; animation_delay=&#8221;300&#8243;]Agendando una reuni\u00f3n con uno de nuestros asesores.[\/vc_custom_heading][vc_empty_space empty_h=&#8221;1&#8243;][vc_button button_color=&#8221;accent&#8221; size=&#8221;btn-lg&#8221; radius=&#8221;btn-circle&#8221; text_skin=&#8221;yes&#8221; custom_typo=&#8221;yes&#8221; font_family=&#8221;font-377884&#8243; font_weight=&#8221;500&#8243; border_width=&#8221;0&#8243; css_animation=&#8221;zoom-in&#8221; animation_delay=&#8221;400&#8243; italic=&#8221;&#8221; link=&#8221;url:https%3A%2F%2Fcontenido.legap.com.co%2Fasesoria-contable-y-financiera-agendar-cita||target:%20_blank|&#8221; onclick=&#8221;trackOutboundLink(&#8216;http:\/\/themeforest.net\/item\/uncode-creative-multiuse-wordpress-theme\/13373220?utm_source=undsgncta&amp;ref=undsgn&amp;license=regular&amp;open_purchase_for_item_id=13373220&amp;purchasable=source&#8217;); return false;&#8221;]AGENDAR REUNI\u00d3N [\/vc_button][\/vc_column][\/vc_row]<\/p>\n","protected":false},"excerpt":{"rendered":"<p>[vc_row row_height_percent=&#8221;0&#8243; override_padding=&#8221;yes&#8221; h_padding=&#8221;2&#8243; top_padding=&#8221;4&#8243; bottom_padding=&#8221;0&#8243; overlay_alpha=&#8221;50&#8243; gutter_size=&#8221;4&#8243; shift_y=&#8221;0&#8243;][vc_column column_width_percent=&#8221;100&#8243; position_horizontal=&#8221;right&#8221; position_vertical=&#8221;middle&#8221; gutter_size=&#8221;3&#8243; overlay_alpha=&#8221;50&#8243; shift_x=&#8221;0&#8243; shift_y=&#8221;0&#8243; z_index=&#8221;0&#8243; medium_width=&#8221;7&#8243; width=&#8221;1\/2&#8243;][vc_custom_heading text_size=&#8221;h1&#8243; [&hellip;]<\/p>\n","protected":false},"author":2,"featured_media":0,"parent":0,"menu_order":0,"comment_status":"open","ping_status":"open","template":"","meta":{"footnotes":""},"class_list":["post-74988","page","type-page","status-publish","hentry"],"_links":{"self":[{"href":"https:\/\/legap.com.co\/us\/wp-json\/wp\/v2\/pages\/74988","targetHints":{"allow":["GET"]}}],"collection":[{"href":"https:\/\/legap.com.co\/us\/wp-json\/wp\/v2\/pages"}],"about":[{"href":"https:\/\/legap.com.co\/us\/wp-json\/wp\/v2\/types\/page"}],"author":[{"embeddable":true,"href":"https:\/\/legap.com.co\/us\/wp-json\/wp\/v2\/users\/2"}],"replies":[{"embeddable":true,"href":"https:\/\/legap.com.co\/us\/wp-json\/wp\/v2\/comments?post=74988"}],"version-history":[{"count":2,"href":"https:\/\/legap.com.co\/us\/wp-json\/wp\/v2\/pages\/74988\/revisions"}],"predecessor-version":[{"id":83563,"href":"https:\/\/legap.com.co\/us\/wp-json\/wp\/v2\/pages\/74988\/revisions\/83563"}],"wp:attachment":[{"href":"https:\/\/legap.com.co\/us\/wp-json\/wp\/v2\/media?parent=74988"}],"curies":[{"name":"wp","href":"https:\/\/api.w.org\/{rel}","templated":true}]}}