{"id":74979,"date":"2020-07-29T17:05:35","date_gmt":"2020-07-29T22:05:35","guid":{"rendered":"https:\/\/legap.com.co\/us\/?page_id=74979"},"modified":"2020-11-16T17:01:41","modified_gmt":"2020-11-16T17:01:41","slug":"outsourcing-de-impuestos","status":"publish","type":"page","link":"https:\/\/legap.com.co\/us\/outsourcing-de-impuestos\/","title":{"rendered":"Outsourcing de Impuestos"},"content":{"rendered":"<p>[vc_row row_height_percent=&#8221;0&#8243; override_padding=&#8221;yes&#8221; h_padding=&#8221;2&#8243; top_padding=&#8221;4&#8243; bottom_padding=&#8221;0&#8243; overlay_alpha=&#8221;50&#8243; gutter_size=&#8221;4&#8243; shift_y=&#8221;0&#8243;][vc_column column_width_percent=&#8221;100&#8243; position_horizontal=&#8221;right&#8221; position_vertical=&#8221;middle&#8221; gutter_size=&#8221;3&#8243; overlay_alpha=&#8221;50&#8243; shift_x=&#8221;0&#8243; shift_y=&#8221;0&#8243; z_index=&#8221;0&#8243; medium_width=&#8221;7&#8243; width=&#8221;1\/2&#8243;][vc_custom_heading text_size=&#8221;h1&#8243; text_weight=&#8221;300&#8243; sub_lead=&#8221;yes&#8221;][\/vc_custom_heading][vc_column_text]<span style=\"font-weight: 400;\">Los requerimientos de cumplimiento tributario en Colombia exigen una gesti\u00f3n especializada debido a los constantes cambios, actualizaciones y tratamientos contables que involucran las diferentes transacciones, eventos y condiciones econ\u00f3micas que se generan en el curso normal de cualquier negocio. Por lo tanto, consideramos que esta situaci\u00f3n genera una necesidad inminente para los empresarios que no est\u00e1n interesados en tener un profesional de tiempo completo encargado de la gesti\u00f3n contable y tributaria, sino que, por el contrario, buscan optimizar la gesti\u00f3n tributaria bajo un modelo de costo-beneficio equilibrado.<\/span><\/p>\n<p><span style=\"font-weight: 400;\">En LeGap Asesores S.A.S. tenemos profesionales especializados y con un modelo de servicio dise\u00f1ado para cumplir con las expectativas de los emprendimientos o nuevos negocios bajo el principio de costo-beneficio.<\/span><\/p>\n<p><span style=\"font-weight: 400;\">Nuestro servicio incluye la elaboraci\u00f3n de:<\/span><\/p>\n<ul>\n<li style=\"font-weight: 400;\"><span style=\"font-weight: 400;\">Declaraciones de Retenci\u00f3n en la Fuente.<\/span><\/li>\n<li style=\"font-weight: 400;\"><span style=\"font-weight: 400;\">Declaraciones de IVA.<\/span><\/li>\n<li style=\"font-weight: 400;\"><span style=\"font-weight: 400;\">Declaraciones de Retenci\u00f3n de ICA.<\/span><\/li>\n<li style=\"font-weight: 400;\"><span style=\"font-weight: 400;\">Declaraciones de ICA.<\/span><\/li>\n<li style=\"font-weight: 400;\"><span style=\"font-weight: 400;\">Declaraci\u00f3n de Renta y sus complementarios.<\/span><\/li>\n<li style=\"font-weight: 400;\"><span style=\"font-weight: 400;\">Elaboraci\u00f3n de los Medios Magn\u00e9ticos.<\/span><\/li>\n<\/ul>\n<p>[\/vc_column_text][vc_empty_space empty_h=&#8221;2&#8243; desktop_visibility=&#8221;yes&#8221;][\/vc_column][vc_column column_width_percent=&#8221;100&#8243; gutter_size=&#8221;3&#8243; overlay_alpha=&#8221;50&#8243; shift_x=&#8221;0&#8243; shift_y=&#8221;0&#8243; z_index=&#8221;0&#8243; medium_visibility=&#8221;yes&#8221; medium_width=&#8221;4&#8243; mobile_visibility=&#8221;yes&#8221; width=&#8221;1\/2&#8243;][vc_single_image media=&#8221;83558&#8243; media_width_use_pixel=&#8221;yes&#8221; advanced=&#8221;yes&#8221; media_overlay_opacity=&#8221;50&#8243; media_overlay_anim=&#8221;no&#8221; media_text_anim=&#8221;no&#8221; media_image_anim=&#8221;no&#8221; media_padding=&#8221;2&#8243; css_animation=&#8221;right-t-left&#8221; animation_delay=&#8221;200&#8243; media_width_pixel=&#8221;650&#8243;][\/vc_column][\/vc_row][vc_row row_height_percent=&#8221;0&#8243; override_padding=&#8221;yes&#8221; h_padding=&#8221;2&#8243; top_padding=&#8221;5&#8243; bottom_padding=&#8221;5&#8243; back_color=&#8221;color-prif&#8221; overlay_alpha=&#8221;50&#8243; gutter_size=&#8221;3&#8243; column_width_percent=&#8221;100&#8243; shift_y=&#8221;0&#8243; z_index=&#8221;0&#8243;][vc_column column_width_percent=&#8221;100&#8243; align_horizontal=&#8221;align_center&#8221; gutter_size=&#8221;2&#8243; style=&#8221;dark&#8221; overlay_alpha=&#8221;50&#8243; shift_x=&#8221;0&#8243; shift_y=&#8221;0&#8243; z_index=&#8221;0&#8243; medium_width=&#8221;0&#8243; mobile_width=&#8221;0&#8243; width=&#8221;1\/1&#8243;][vc_custom_heading css_animation=&#8221;bottom-t-top&#8221; animation_delay=&#8221;200&#8243;]Solicita la cotizaci\u00f3n de nuestros servicios[\/vc_custom_heading][vc_custom_heading heading_semantic=&#8221;h3&#8243; text_size=&#8221;h5&#8243; text_weight=&#8221;400&#8243; text_color=&#8221;color-wvjs&#8221; css_animation=&#8221;bottom-t-top&#8221; animation_delay=&#8221;300&#8243;]Agendando una reuni\u00f3n con uno de nuestros asesores.[\/vc_custom_heading][vc_empty_space empty_h=&#8221;1&#8243;][vc_button button_color=&#8221;accent&#8221; size=&#8221;btn-lg&#8221; radius=&#8221;btn-circle&#8221; text_skin=&#8221;yes&#8221; custom_typo=&#8221;yes&#8221; font_family=&#8221;font-377884&#8243; font_weight=&#8221;500&#8243; border_width=&#8221;0&#8243; css_animation=&#8221;zoom-in&#8221; animation_delay=&#8221;400&#8243; italic=&#8221;&#8221; link=&#8221;url:https%3A%2F%2Fcontenido.legap.com.co%2Fasesoria-contable-y-financiera-agendar-cita||target:%20_blank|&#8221; onclick=&#8221;trackOutboundLink(&#8216;http:\/\/themeforest.net\/item\/uncode-creative-multiuse-wordpress-theme\/13373220?utm_source=undsgncta&amp;ref=undsgn&amp;license=regular&amp;open_purchase_for_item_id=13373220&amp;purchasable=source&#8217;); return false;&#8221;]AGENDAR REUNI\u00d3N [\/vc_button][\/vc_column][\/vc_row]<\/p>\n","protected":false},"excerpt":{"rendered":"<p>[vc_row row_height_percent=&#8221;0&#8243; override_padding=&#8221;yes&#8221; h_padding=&#8221;2&#8243; top_padding=&#8221;4&#8243; bottom_padding=&#8221;0&#8243; overlay_alpha=&#8221;50&#8243; gutter_size=&#8221;4&#8243; shift_y=&#8221;0&#8243;][vc_column column_width_percent=&#8221;100&#8243; position_horizontal=&#8221;right&#8221; position_vertical=&#8221;middle&#8221; gutter_size=&#8221;3&#8243; overlay_alpha=&#8221;50&#8243; shift_x=&#8221;0&#8243; shift_y=&#8221;0&#8243; z_index=&#8221;0&#8243; medium_width=&#8221;7&#8243; width=&#8221;1\/2&#8243;][vc_custom_heading text_size=&#8221;h1&#8243; [&hellip;]<\/p>\n","protected":false},"author":2,"featured_media":0,"parent":0,"menu_order":0,"comment_status":"open","ping_status":"open","template":"","meta":{"footnotes":""},"class_list":["post-74979","page","type-page","status-publish","hentry"],"_links":{"self":[{"href":"https:\/\/legap.com.co\/us\/wp-json\/wp\/v2\/pages\/74979","targetHints":{"allow":["GET"]}}],"collection":[{"href":"https:\/\/legap.com.co\/us\/wp-json\/wp\/v2\/pages"}],"about":[{"href":"https:\/\/legap.com.co\/us\/wp-json\/wp\/v2\/types\/page"}],"author":[{"embeddable":true,"href":"https:\/\/legap.com.co\/us\/wp-json\/wp\/v2\/users\/2"}],"replies":[{"embeddable":true,"href":"https:\/\/legap.com.co\/us\/wp-json\/wp\/v2\/comments?post=74979"}],"version-history":[{"count":2,"href":"https:\/\/legap.com.co\/us\/wp-json\/wp\/v2\/pages\/74979\/revisions"}],"predecessor-version":[{"id":83559,"href":"https:\/\/legap.com.co\/us\/wp-json\/wp\/v2\/pages\/74979\/revisions\/83559"}],"wp:attachment":[{"href":"https:\/\/legap.com.co\/us\/wp-json\/wp\/v2\/media?parent=74979"}],"curies":[{"name":"wp","href":"https:\/\/api.w.org\/{rel}","templated":true}]}}