{"id":4763,"date":"2014-12-23T18:34:06","date_gmt":"2014-12-23T17:34:06","guid":{"rendered":"https:\/\/undsgn.com\/uncode\/?page_id=4763"},"modified":"2021-02-19T16:15:20","modified_gmt":"2021-02-19T16:15:20","slug":"nuestros-profesionales","status":"publish","type":"page","link":"https:\/\/legap.com.co\/us\/pages\/nuestros-profesionales\/","title":{"rendered":"Leadership team"},"content":{"rendered":"<p>[vc_row unlock_row_content=&#8221;yes&#8221; row_height_percent=&#8221;0&#8243; override_padding=&#8221;yes&#8221; h_padding=&#8221;0&#8243; top_padding=&#8221;0&#8243; bottom_padding=&#8221;0&#8243; overlay_alpha=&#8221;100&#8243; equal_height=&#8221;yes&#8221; gutter_size=&#8221;0&#8243; shift_y=&#8221;0&#8243;][vc_column column_width_percent=&#8221;100&#8243; position_horizontal=&#8221;left&#8221; gutter_size=&#8221;3&#8243; override_padding=&#8221;yes&#8221; column_padding=&#8221;5&#8243; overlay_alpha=&#8221;100&#8243; shift_x=&#8221;0&#8243; shift_y=&#8221;0&#8243; z_index=&#8221;0&#8243; medium_width=&#8221;0&#8243; zoom_width=&#8221;0&#8243; zoom_height=&#8221;0&#8243; width=&#8221;1\/3&#8243;][vc_custom_heading heading_semantic=&#8221;h3&#8243; text_size=&#8221;h3&#8243; text_weight=&#8221;700&#8243; text_transform=&#8221;uppercase&#8221; sub_reduced=&#8221;yes&#8221; text_uppercase=&#8221;&#8221;]Leadership Team[\/vc_custom_heading][vc_separator][vc_column_text]We have a group of professionals from different specialties (Accountants, Business Administrators, Economists, Lawyers, Inbound Marketing Managers, Recruiting specialist, Engineers and IT Specialist) committed to the values of our firm and to the strategic objectives of our clients.<\/p>\n<p>We believe that motivation, the right mindset and empowerment are the qualities that every leader should have in this new business environment.[\/vc_column_text][\/vc_column][vc_column column_width_percent=&#8221;100&#8243; gutter_size=&#8221;3&#8243; override_padding=&#8221;yes&#8221; column_padding=&#8221;5&#8243; back_color=&#8221;color-lxmt&#8221; overlay_alpha=&#8221;50&#8243; shift_x=&#8221;0&#8243; shift_y=&#8221;0&#8243; medium_width=&#8221;0&#8243; zoom_width=&#8221;0&#8243; zoom_height=&#8221;0&#8243; width=&#8221;2\/3&#8243;][vc_custom_heading heading_semantic=&#8221;h3&#8243; text_size=&#8221;h3&#8243; text_weight=&#8221;700&#8243; text_transform=&#8221;uppercase&#8221; sub_reduced=&#8221;yes&#8221; text_uppercase=&#8221;&#8221;]Leadership Team[\/vc_custom_heading][vc_separator][vc_progress_bar values=&#8221;%5B%7B%22label%22%3A%22Counters%22%2C%22value%22%3A%2270%22%7D%2C%7B%22label%22%3A%22Industrial%20Engineers%22%2C%22value%22%3A%2210%22%7D%2C%7B%22label%22%3A%22Lawyers%22%2C%22value%22%3A%2210%22%7D%2C%7B%22label%22%3A%22System%20engineers%22%2C%22value%22%3A%225%22%7D%2C%7B%22label%22%3A%22Marketing%20%22%2C%22value%22%3A%225%22%7D%5D&#8221; bar_color=&#8221;accent&#8221; units=&#8221;%&#8221;][\/vc_column][\/vc_row][vc_row row_height_percent=&#8221;0&#8243; override_padding=&#8221;yes&#8221; h_padding=&#8221;2&#8243; top_padding=&#8221;5&#8243; bottom_padding=&#8221;5&#8243; overlay_alpha=&#8221;50&#8243; gutter_size=&#8221;3&#8243; column_width_percent=&#8221;100&#8243; shift_y=&#8221;0&#8243; z_index=&#8221;0&#8243; row_name=&#8221;Highlights&#8221;][vc_column column_width_percent=&#8221;100&#8243; position_vertical=&#8221;middle&#8221; gutter_size=&#8221;3&#8243; override_padding=&#8221;yes&#8221; column_padding=&#8221;2&#8243; overlay_alpha=&#8221;50&#8243; shift_x=&#8221;0&#8243; shift_y=&#8221;0&#8243; medium_width=&#8221;4&#8243; zoom_width=&#8221;0&#8243; zoom_height=&#8221;0&#8243; width=&#8221;1\/2&#8243;][vc_single_image media=&#8221;83414&#8243; media_width_percent=&#8221;100&#8243; media_ratio=&#8221;three-four&#8221; alignment=&#8221;center&#8221; shadow=&#8221;yes&#8221; shadow_weight=&#8221;lg&#8221; image=&#8221;2286&#8243; border_color=&#8221;grey&#8221; img_link_target=&#8221;_self&#8221; img_size=&#8221;full&#8221;][vc_column_text]<\/p>\n<p style=\"text-align: center;\"><strong>Enrique Galindo\u00a0<\/strong><\/p>\n<p style=\"text-align: center;\">Global Managing Partner &#8211; Colombia \/ EEUU<\/p>\n<p style=\"text-align: center;\">Socio L\u00edder &#8211; BPO &amp; Tax<\/p>\n<p>[\/vc_column_text][\/vc_column][vc_column column_width_percent=&#8221;100&#8243; position_vertical=&#8221;middle&#8221; gutter_size=&#8221;3&#8243; overlay_alpha=&#8221;50&#8243; shift_x=&#8221;0&#8243; shift_y=&#8221;0&#8243; medium_width=&#8221;4&#8243; zoom_width=&#8221;0&#8243; zoom_height=&#8221;0&#8243; width=&#8221;1\/2&#8243;][vc_icon position=&#8221;left&#8221; icon=&#8221;fa fa-trophy2&#8243; size=&#8221;fa-2x&#8221; text_size=&#8221;h4&#8243; align=&#8221;left&#8221;]<em>Public Accountant from the Central University of Colombia, certified in IFRS by (ICAEW) Institute of Chartered<\/em><br \/>\n<em>Accountants in England and Wales, specialized in International Financial Reporting Standards (IFRS) with<\/em><br \/>\n<em>more than 30 years of experience<\/em>.[\/vc_icon][vc_separator][vc_icon position=&#8221;left&#8221; icon=&#8221;fa fa-trophy2&#8243; size=&#8221;fa-2x&#8221; text_size=&#8221;h4&#8243; align=&#8221;left&#8221;]<\/p>\n<p style=\"font-weight: 400;\">During his experience Luis Enrique has served as Financial and Administrative Director of the most important companies in the Oil &amp;amp; Gas industry such as Occidental Petroleum Corporation (OXY), British Petroleum (BP),HUPECOL and Compa\u00f1\u00eda Espa\u00f1ola de Petr\u00f3leos (CEPCOLSA) responsible for accounting, tax, budget and<br \/>\nadministrative management.<\/p>\n<p style=\"font-weight: 400;\">Additionally, Luis Enrique has participated as an advisor in the accounting software migration process of some<br \/>\nof the most representative companies in Colombia.<\/p>\n<p>[\/vc_icon][vc_separator][vc_icon position=&#8221;left&#8221; icon=&#8221;fa fa-trophy2&#8243; size=&#8221;fa-2x&#8221; text_size=&#8221;h4&#8243; align=&#8221;left&#8221;]As a founding partner of LeGap Luis Enrique has lead projects related to the conversion of Financial<br \/>\nstatements to IFRS, development of projects related to improvement of the internal control system SCI,<br \/>\nAccounting, Payroll and Tax Outsourcing, Development and implementation of projects related to strategic<\/p>\n<p>Business Model Description &#8211; LeGap<\/p>\n<p>5LeGap Tax &amp;amp; Financial Advisory Services. Corp<br \/>\nplanning, Management Audit, Process Improvement, Tax Planning, Financial Advice, Strategic Planning and<br \/>\nFiscal Auditing, among others.[\/vc_icon][\/vc_column][\/vc_row][vc_row row_height_percent=&#8221;0&#8243; override_padding=&#8221;yes&#8221; h_padding=&#8221;2&#8243; top_padding=&#8221;5&#8243; bottom_padding=&#8221;5&#8243; overlay_alpha=&#8221;50&#8243; gutter_size=&#8221;3&#8243; column_width_percent=&#8221;100&#8243; shift_y=&#8221;0&#8243; z_index=&#8221;0&#8243; row_name=&#8221;Highlights&#8221;][vc_column column_width_percent=&#8221;100&#8243; position_vertical=&#8221;middle&#8221; gutter_size=&#8221;3&#8243; override_padding=&#8221;yes&#8221; column_padding=&#8221;2&#8243; overlay_alpha=&#8221;50&#8243; shift_x=&#8221;0&#8243; shift_y=&#8221;0&#8243; medium_width=&#8221;4&#8243; zoom_width=&#8221;0&#8243; zoom_height=&#8221;0&#8243; width=&#8221;1\/2&#8243;][vc_single_image media=&#8221;83416&#8243; media_width_percent=&#8221;100&#8243; media_ratio=&#8221;three-four&#8221; alignment=&#8221;center&#8221; shadow=&#8221;yes&#8221; shadow_weight=&#8221;lg&#8221; image=&#8221;2286&#8243; border_color=&#8221;grey&#8221; img_link_target=&#8221;_self&#8221; img_size=&#8221;full&#8221;][vc_column_text]<\/p>\n<p dir=\"ltr\" style=\"text-align: center;\"><strong>Juan Galindo\u00a0<\/strong><\/p>\n<p dir=\"ltr\" style=\"text-align: center;\">Country Managing Partner &#8211; Colombia<\/p>\n<p style=\"text-align: center;\">Socio L\u00edder &#8211; Auditor\u00eda &amp; Asesor\u00eda<\/p>\n<p>[\/vc_column_text][\/vc_column][vc_column column_width_percent=&#8221;100&#8243; position_vertical=&#8221;middle&#8221; gutter_size=&#8221;3&#8243; overlay_alpha=&#8221;50&#8243; shift_x=&#8221;0&#8243; shift_y=&#8221;0&#8243; medium_width=&#8221;4&#8243; zoom_width=&#8221;0&#8243; zoom_height=&#8221;0&#8243; width=&#8221;1\/2&#8243;][vc_icon position=&#8221;left&#8221; icon=&#8221;fa fa-trophy2&#8243; size=&#8221;fa-2x&#8221; text_size=&#8221;h4&#8243; align=&#8221;left&#8221;]<i><span lang=\"ES-TRAD\">Contador p\u00fablico de la Pontificia Universidad Javeriana de Bogot\u00e1, con mas de 15 a\u00f1os de experiencia en la prestaci\u00f3n de servicios relacionados con las ciencias Contables<\/span><\/i>[\/vc_icon][vc_separator][vc_icon position=&#8221;left&#8221; icon=&#8221;fa fa-trophy2&#8243; size=&#8221;fa-2x&#8221; text_size=&#8221;h4&#8243; align=&#8221;left&#8221;]Public Accountant from the Pontificia Universidad Javeriana de Bogot\u00e1, with more than 15 years of experience in providing services related to Accounting and tax solutions.<\/p>\n<p>Juan David has served as Auditor and Consultant in charge of AMEZQUITA, GRANT THORNTON and ERNST &amp;amp; YOUNG Colombia \/ USA (Miami) participating in projects of implementation and improvement of the internal control system, design and implementation of Shared Services Centers, Strategic planning, internal audit, tax audit, SOX controls tests, among others, for entities such as BANCO DE BOGOT\u00c1, BANCO POPULAR, BANCO DAVIVIENDA, Latin America Reserve Fund (FLAR), ECOPETROL and OLEODUCTO DE LOS LLANOS, ARGOS, CEMENTOS PANAM\u00c1, FARMAC\u00c9UTICA TEVA, ALPINA, ARGOS, ETB, TELMEX and TIGO among others.[\/vc_icon][vc_separator][vc_icon position=&#8221;left&#8221; icon=&#8221;fa fa-trophy2&#8243; size=&#8221;fa-2x&#8221; text_size=&#8221;h4&#8243; align=&#8221;left&#8221;]Additionally, Juan David held management positions as Controller of SCHLUMBERGER for Colombia, Peru<br \/>\nand Ecuador, Regional Controller of HILTI for Latin America and Financial and Administrative Director of BOLLAND \/ PECOM.<\/p>\n<p>Since 2018, Juan David has served as Partner and Executive Director of LeGap where he manages more than<br \/>\n15 projects related to Tax Audit, Advisory, Strategic Planning and Internal Audit services.[\/vc_icon][\/vc_column][\/vc_row][vc_row row_height_percent=&#8221;0&#8243; override_padding=&#8221;yes&#8221; h_padding=&#8221;2&#8243; top_padding=&#8221;5&#8243; bottom_padding=&#8221;5&#8243; overlay_alpha=&#8221;50&#8243; gutter_size=&#8221;3&#8243; column_width_percent=&#8221;100&#8243; shift_y=&#8221;0&#8243; z_index=&#8221;0&#8243; row_name=&#8221;Highlights&#8221;][vc_column column_width_percent=&#8221;100&#8243; position_vertical=&#8221;middle&#8221; gutter_size=&#8221;3&#8243; override_padding=&#8221;yes&#8221; column_padding=&#8221;2&#8243; overlay_alpha=&#8221;50&#8243; shift_x=&#8221;0&#8243; shift_y=&#8221;0&#8243; medium_width=&#8221;4&#8243; zoom_width=&#8221;0&#8243; zoom_height=&#8221;0&#8243; width=&#8221;1\/2&#8243;][vc_single_image media=&#8221;83417&#8243; media_width_percent=&#8221;100&#8243; media_ratio=&#8221;three-four&#8221; alignment=&#8221;center&#8221; shadow=&#8221;yes&#8221; shadow_weight=&#8221;lg&#8221; image=&#8221;2286&#8243; border_color=&#8221;grey&#8221; img_link_target=&#8221;_self&#8221; img_size=&#8221;full&#8221;][vc_column_text]<\/p>\n<p style=\"text-align: center;\"><strong>Gloria Morris\u00a0<\/strong><\/p>\n<p style=\"text-align: center;\">Managing Partner &#8211; EEUU<\/p>\n<p style=\"text-align: center;\">Socio L\u00edder &#8211; BPO &amp; Tax<\/p>\n<p>[\/vc_column_text][\/vc_column][vc_column column_width_percent=&#8221;100&#8243; position_vertical=&#8221;middle&#8221; gutter_size=&#8221;3&#8243; overlay_alpha=&#8221;50&#8243; shift_x=&#8221;0&#8243; shift_y=&#8221;0&#8243; medium_width=&#8221;4&#8243; zoom_width=&#8221;0&#8243; zoom_height=&#8221;0&#8243; width=&#8221;1\/2&#8243;][vc_icon position=&#8221;left&#8221; icon=&#8221;fa fa-trophy2&#8243; size=&#8221;fa-2x&#8221; text_size=&#8221;h4&#8243; align=&#8221;left&#8221;]<i><span lang=\"ES-TRAD\">Contador P\u00fablico de la Universidad Santo Tom\u00e1s.<\/span><\/i>[\/vc_icon][vc_separator][vc_icon position=&#8221;left&#8221; icon=&#8221;fa fa-trophy2&#8243; size=&#8221;fa-2x&#8221; text_size=&#8221;h4&#8243; align=&#8221;left&#8221;]During his experience Luis Enrique has served as Financial and Administrative Director of some of the top 500<br \/>\ncompanies as Petrobras Colombia S.A, Amoco Colombian Petroleum, Arco Oil Colombian Branch, Linde Refrigeration S.A, Schenck Process Americas S.A.responsible for accounting, tax, budget and administrative management.[\/vc_icon][vc_separator][vc_icon position=&#8221;left&#8221; icon=&#8221;fa fa-trophy2&#8243; size=&#8221;fa-2x&#8221; text_size=&#8221;h4&#8243; align=&#8221;left&#8221;]As a partner of LeGap Gloria has lead projects related to the conversion of Financial statements to IFRS, development of projects related to improvement of the internal control system SCI, Accounting, Payroll and Tax Outsourcing, Development and implementation of projects related to strategic planning, Management Audit, Process Improvement, Tax Planning, Financial Advice, Strategic Planning and Fiscal Auditing, among others.[\/vc_icon][\/vc_column][\/vc_row]<\/p>\n","protected":false},"excerpt":{"rendered":"<p>[vc_row unlock_row_content=&#8221;yes&#8221; row_height_percent=&#8221;0&#8243; override_padding=&#8221;yes&#8221; h_padding=&#8221;0&#8243; top_padding=&#8221;0&#8243; bottom_padding=&#8221;0&#8243; overlay_alpha=&#8221;100&#8243; equal_height=&#8221;yes&#8221; gutter_size=&#8221;0&#8243; shift_y=&#8221;0&#8243;][vc_column column_width_percent=&#8221;100&#8243; position_horizontal=&#8221;left&#8221; gutter_size=&#8221;3&#8243; override_padding=&#8221;yes&#8221; column_padding=&#8221;5&#8243; overlay_alpha=&#8221;100&#8243; shift_x=&#8221;0&#8243; shift_y=&#8221;0&#8243; z_index=&#8221;0&#8243; [&hellip;]<\/p>\n","protected":false},"author":1,"featured_media":11306,"parent":36601,"menu_order":0,"comment_status":"open","ping_status":"closed","template":"","meta":{"footnotes":""},"class_list":["post-4763","page","type-page","status-publish","has-post-thumbnail","hentry"],"_links":{"self":[{"href":"https:\/\/legap.com.co\/us\/wp-json\/wp\/v2\/pages\/4763","targetHints":{"allow":["GET"]}}],"collection":[{"href":"https:\/\/legap.com.co\/us\/wp-json\/wp\/v2\/pages"}],"about":[{"href":"https:\/\/legap.com.co\/us\/wp-json\/wp\/v2\/types\/page"}],"author":[{"embeddable":true,"href":"https:\/\/legap.com.co\/us\/wp-json\/wp\/v2\/users\/1"}],"replies":[{"embeddable":true,"href":"https:\/\/legap.com.co\/us\/wp-json\/wp\/v2\/comments?post=4763"}],"version-history":[{"count":7,"href":"https:\/\/legap.com.co\/us\/wp-json\/wp\/v2\/pages\/4763\/revisions"}],"predecessor-version":[{"id":83631,"href":"https:\/\/legap.com.co\/us\/wp-json\/wp\/v2\/pages\/4763\/revisions\/83631"}],"up":[{"embeddable":true,"href":"https:\/\/legap.com.co\/us\/wp-json\/wp\/v2\/pages\/36601"}],"wp:featuredmedia":[{"embeddable":true,"href":"https:\/\/legap.com.co\/us\/wp-json\/wp\/v2\/media\/11306"}],"wp:attachment":[{"href":"https:\/\/legap.com.co\/us\/wp-json\/wp\/v2\/media?parent=4763"}],"curies":[{"name":"wp","href":"https:\/\/api.w.org\/{rel}","templated":true}]}}