{"id":21158,"date":"2015-06-08T15:52:19","date_gmt":"2015-06-08T13:52:19","guid":{"rendered":"https:\/\/undsgn.com\/uncode\/?page_id=21158"},"modified":"2020-08-14T03:33:00","modified_gmt":"2020-08-14T03:33:00","slug":"linea-de-aseguramiento","status":"publish","type":"page","link":"https:\/\/legap.com.co\/us\/homepages\/linea-de-aseguramiento\/","title":{"rendered":"Portada aseguramiento"},"content":{"rendered":"<p>[vc_row unlock_row_content=&#8221;yes&#8221; row_height_percent=&#8221;0&#8243; override_padding=&#8221;yes&#8221; h_padding=&#8221;0&#8243; top_padding=&#8221;0&#8243; bottom_padding=&#8221;0&#8243; back_color=&#8221;color-nhtu&#8221; overlay_alpha=&#8221;50&#8243; equal_height=&#8221;yes&#8221; gutter_size=&#8221;0&#8243; shift_y=&#8221;0&#8243;][vc_column column_width_percent=&#8221;100&#8243; gutter_size=&#8221;3&#8243; override_padding=&#8221;yes&#8221; column_padding=&#8221;4&#8243; style=&#8221;dark&#8221; back_color=&#8221;accent&#8221; back_image=&#8221;15042&#8243; back_position=&#8221;left center&#8221; parallax=&#8221;yes&#8221; overlay_color=&#8221;accent&#8221; overlay_alpha=&#8221;98&#8243; shift_x=&#8221;0&#8243; shift_y=&#8221;0&#8243; shift_y_down=&#8221;0&#8243; z_index=&#8221;0&#8243; align_medium=&#8221;align_center_tablet&#8221; medium_width=&#8221;0&#8243; align_mobile=&#8221;align_center_mobile&#8221; mobile_width=&#8221;0&#8243; css_animation=&#8221;bottom-t-top&#8221; animation_delay=&#8221;200&#8243; width=&#8221;6\/12&#8243;][vc_custom_heading heading_semantic=&#8221;h3&#8243; text_font=&#8221;font-377884&#8243; text_weight=&#8221;800&#8243; text_space=&#8221;fontspace-111509&#8243;]\u00bfPorqu\u00e9 es importante?[\/vc_custom_heading][vc_column_text text_lead=&#8221;yes&#8221;]Los procesos de reporte y aseguramiento contribuyen al fortalecimiento de las estrategias de monitoreo y control de informaci\u00f3n no financiera de las empresas, lo que adem\u00e1s de convertirse en una herramienta de cumplimiento, mejora la percepci\u00f3n de los grupos de inter\u00e9s y mide el aporte a la sociedad, ambiente y econom\u00eda de forma transparente y objetiva.[\/vc_column_text][vc_row_inner][vc_column_inner column_width_percent=&#8221;100&#8243; gutter_size=&#8221;3&#8243; style=&#8221;dark&#8221; overlay_alpha=&#8221;50&#8243; shift_x=&#8221;0&#8243; shift_y=&#8221;0&#8243; z_index=&#8221;0&#8243; align_medium=&#8221;align_center_tablet&#8221; medium_width=&#8221;0&#8243; align_mobile=&#8221;align_center_mobile&#8221; width=&#8221;1\/1&#8243;][vc_icon display=&#8221;inline&#8221; icon=&#8221;fa fa-social-twitter&#8221; background_style=&#8221;fa-rounded&#8221; outline=&#8221;yes&#8221; link=&#8221;url:http%3A%2F%2Fwww.google.com||target:%20_blank&#8221;][\/vc_icon][vc_icon display=&#8221;inline&#8221; icon=&#8221;fa fa-social-facebook&#8221; background_style=&#8221;fa-rounded&#8221; outline=&#8221;yes&#8221; link=&#8221;url:http%3A%2F%2Fwww.google.com||target:%20_blank&#8221;][\/vc_icon][vc_icon display=&#8221;inline&#8221; icon=&#8221;fa fa-social-linkedin&#8221; background_style=&#8221;fa-rounded&#8221; outline=&#8221;yes&#8221; link=&#8221;url:http%3A%2F%2Fwww.google.com||target:%20_blank&#8221;][\/vc_icon][\/vc_column_inner][\/vc_row_inner][\/vc_column][vc_column column_width_percent=&#8221;100&#8243; position_vertical=&#8221;middle&#8221; align_horizontal=&#8221;align_center&#8221; gutter_size=&#8221;3&#8243; override_padding=&#8221;yes&#8221; column_padding=&#8221;4&#8243; style=&#8221;dark&#8221; back_image=&#8221;83152&#8243; overlay_alpha=&#8221;0&#8243; shift_x=&#8221;0&#8243; shift_y=&#8221;0&#8243; shift_y_down=&#8221;0&#8243; z_index=&#8221;0&#8243; medium_width=&#8221;0&#8243; mobile_width=&#8221;0&#8243; css_animation=&#8221;bottom-t-top&#8221; animation_delay=&#8221;400&#8243; width=&#8221;3\/12&#8243; mobile_height=&#8221;280&#8243;][vc_icon icon=&#8221;fa fa-play&#8221; background_style=&#8221;fa-rounded&#8221; size=&#8221;fa-4x&#8221; icon_automatic=&#8221;yes&#8221; shadow=&#8221;yes&#8221; media_lightbox=&#8221;83425&#8243;][\/vc_icon][\/vc_column][vc_column column_width_percent=&#8221;100&#8243; position_vertical=&#8221;middle&#8221; align_horizontal=&#8221;align_center&#8221; gutter_size=&#8221;3&#8243; override_padding=&#8221;yes&#8221; column_padding=&#8221;4&#8243; back_color=&#8221;color-xsdn&#8221; overlay_alpha=&#8221;50&#8243; shift_x=&#8221;0&#8243; shift_y=&#8221;0&#8243; shift_y_down=&#8221;0&#8243; z_index=&#8221;0&#8243; align_medium=&#8221;align_center_tablet&#8221; medium_width=&#8221;0&#8243; align_mobile=&#8221;align_center_mobile&#8221; mobile_width=&#8221;0&#8243; css_animation=&#8221;bottom-t-top&#8221; animation_delay=&#8221;600&#8243; width=&#8221;3\/12&#8243;][vc_icon icon_image=&#8221;83444&#8243; icon_color=&#8221;accent&#8221; text_font=&#8221;font-377884&#8243; text_size=&#8221;h2&#8243; text_weight=&#8221;800&#8243; text_space=&#8221;fontspace-111509&#8243; text_lead=&#8221;yes&#8221; text_reduced=&#8221;yes&#8221; align=&#8221;left&#8221; title=&#8221;Aseguramiento&#8221;]acompa\u00f1amos a nuestros clientes en procesos de reporte y en cumplimiento de los requerimientos legales.[\/vc_icon][\/vc_column][\/vc_row][vc_row unlock_row_content=&#8221;yes&#8221; row_height_percent=&#8221;50&#8243; override_padding=&#8221;yes&#8221; h_padding=&#8221;0&#8243; top_padding=&#8221;0&#8243; bottom_padding=&#8221;0&#8243; back_color=&#8221;color-nhtu&#8221; overlay_alpha=&#8221;50&#8243; equal_height=&#8221;yes&#8221; gutter_size=&#8221;0&#8243; shift_y=&#8221;0&#8243;][vc_column column_width_percent=&#8221;100&#8243; gutter_size=&#8221;3&#8243; back_image=&#8221;83425&#8243; overlay_alpha=&#8221;50&#8243; shift_x=&#8221;0&#8243; shift_y=&#8221;0&#8243; shift_y_down=&#8221;0&#8243; z_index=&#8221;0&#8243; medium_width=&#8221;0&#8243; mobile_width=&#8221;0&#8243; css_animation=&#8221;bottom-t-top&#8221; animation_delay=&#8221;200&#8243; width=&#8221;1\/4&#8243; mobile_height=&#8221;280&#8243;][\/vc_column][vc_column column_width_percent=&#8221;100&#8243; gutter_size=&#8221;3&#8243; override_padding=&#8221;yes&#8221; column_padding=&#8221;4&#8243; back_color=&#8221;color-xsdn&#8221; overlay_alpha=&#8221;50&#8243; shift_x=&#8221;0&#8243; shift_y=&#8221;0&#8243; shift_y_down=&#8221;0&#8243; z_index=&#8221;0&#8243; align_medium=&#8221;align_center_tablet&#8221; medium_width=&#8221;0&#8243; align_mobile=&#8221;align_center_mobile&#8221; mobile_width=&#8221;0&#8243; css_animation=&#8221;bottom-t-top&#8221; animation_delay=&#8221;400&#8243; width=&#8221;1\/4&#8243;][vc_custom_heading text_font=&#8221;font-377884&#8243; text_size=&#8221;h1&#8243; text_weight=&#8221;800&#8243; text_transform=&#8221;capitalize&#8221; text_space=&#8221;fontspace-111509&#8243; text_uppercase=&#8221;&#8221; text_align=&#8221;text-left&#8221;]Nuestros Servicios[\/vc_custom_heading][vc_column_text text_lead=&#8221;yes&#8221;]Est\u00e1n dise\u00f1ados para generar valor en nuestros clientes y brindar confianza en los<br \/>\ndiferentes grupos de inter\u00e9s, a trav\u00e9s de una metodolog\u00eda de auditor\u00eda efectiva,<br \/>\nintegral e independiente.[\/vc_column_text][\/vc_column][vc_column column_width_percent=&#8221;100&#8243; gutter_size=&#8221;3&#8243; override_padding=&#8221;yes&#8221; column_padding=&#8221;4&#8243; style=&#8221;dark&#8221; back_color=&#8221;color-rgdb&#8221; overlay_alpha=&#8221;50&#8243; shift_x=&#8221;0&#8243; shift_y=&#8221;0&#8243; shift_y_down=&#8221;0&#8243; z_index=&#8221;0&#8243; align_medium=&#8221;align_center_tablet&#8221; medium_width=&#8221;0&#8243; align_mobile=&#8221;align_center_mobile&#8221; mobile_width=&#8221;0&#8243; css_animation=&#8221;bottom-t-top&#8221; animation_delay=&#8221;600&#8243; width=&#8221;1\/4&#8243;][vc_custom_heading heading_semantic=&#8221;h3&#8243; text_font=&#8221;font-762333&#8243; text_weight=&#8221;800&#8243; text_transform=&#8221;capitalize&#8221; text_space=&#8221;fontspace-111509&#8243; text_uppercase=&#8221;&#8221; text_align=&#8221;text-left&#8221;][\/vc_custom_heading][vc_column_text text_lead=&#8221;yes&#8221;]<\/p>\n<p><strong>CONTACTO COLOMBIA\u00a0<\/strong><br \/>\n+57 (312) 434 1852<\/p>\n<div>contacto@legap.com.co<\/div>\n<div>Cr 9A No. 99 -02<\/div>\n<div>Edificio Citibank Piso 9<\/div>\n<p>[\/vc_column_text][\/vc_column][vc_column column_width_percent=&#8221;100&#8243; gutter_size=&#8221;3&#8243; override_padding=&#8221;yes&#8221; column_padding=&#8221;4&#8243; style=&#8221;dark&#8221; back_color=&#8221;accent&#8221; back_image=&#8221;11304&#8243; parallax=&#8221;yes&#8221; overlay_color=&#8221;accent&#8221; overlay_alpha=&#8221;98&#8243; shift_x=&#8221;0&#8243; shift_y=&#8221;0&#8243; shift_y_down=&#8221;0&#8243; z_index=&#8221;0&#8243; align_medium=&#8221;align_center_tablet&#8221; medium_width=&#8221;0&#8243; align_mobile=&#8221;align_center_mobile&#8221; mobile_width=&#8221;0&#8243; css_animation=&#8221;bottom-t-top&#8221; animation_delay=&#8221;800&#8243; width=&#8221;1\/4&#8243;][vc_custom_heading heading_semantic=&#8221;h3&#8243; text_font=&#8221;font-762333&#8243; text_weight=&#8221;800&#8243; text_transform=&#8221;capitalize&#8221; text_space=&#8221;fontspace-111509&#8243; text_uppercase=&#8221;&#8221; text_align=&#8221;text-left&#8221;][\/vc_custom_heading][vc_column_text text_lead=&#8221;yes&#8221;]<\/p>\n<div><strong>CONTACTO ESTADOS UNIDOS<\/strong><br \/>\n+1 (281) 703 4511<\/div>\n<div>info@legap.us<\/div>\n<div>5550 Purple Meadow LN,<\/div>\n<div>Fulshear, TX 77441<\/div>\n<p>[\/vc_column_text][\/vc_column][\/vc_row][vc_row unlock_row_content=&#8221;yes&#8221; row_height_percent=&#8221;0&#8243; override_padding=&#8221;yes&#8221; h_padding=&#8221;0&#8243; top_padding=&#8221;0&#8243; bottom_padding=&#8221;0&#8243; back_color=&#8221;color-nhtu&#8221; overlay_alpha=&#8221;50&#8243; equal_height=&#8221;yes&#8221; gutter_size=&#8221;0&#8243; column_width_percent=&#8221;100&#8243; shift_y=&#8221;0&#8243; z_index=&#8221;0&#8243;][vc_column column_width_percent=&#8221;100&#8243; position_vertical=&#8221;bottom&#8221; gutter_size=&#8221;3&#8243; override_padding=&#8221;yes&#8221; column_padding=&#8221;4&#8243; style=&#8221;dark&#8221; back_image=&#8221;83414&#8243; back_position=&#8221;center center&#8221; overlay_alpha=&#8221;50&#8243; shift_x=&#8221;0&#8243; shift_y=&#8221;0&#8243; shift_y_down=&#8221;0&#8243; z_index=&#8221;0&#8243; medium_visibility=&#8221;yes&#8221; medium_width=&#8221;0&#8243; mobile_visibility=&#8221;yes&#8221; mobile_width=&#8221;0&#8243; css_animation=&#8221;bottom-t-top&#8221; animation_delay=&#8221;200&#8243; width=&#8221;1\/4&#8243;][\/vc_column][vc_column column_width_percent=&#8221;100&#8243; position_vertical=&#8221;bottom&#8221; gutter_size=&#8221;3&#8243; override_padding=&#8221;yes&#8221; column_padding=&#8221;4&#8243; style=&#8221;dark&#8221; back_image=&#8221;83416&#8243; back_position=&#8221;center top&#8221; overlay_alpha=&#8221;50&#8243; shift_x=&#8221;0&#8243; shift_y=&#8221;0&#8243; shift_y_down=&#8221;0&#8243; z_index=&#8221;0&#8243; medium_visibility=&#8221;yes&#8221; medium_width=&#8221;0&#8243; mobile_visibility=&#8221;yes&#8221; mobile_width=&#8221;0&#8243; css_animation=&#8221;bottom-t-top&#8221; animation_delay=&#8221;400&#8243; width=&#8221;1\/4&#8243;][\/vc_column][vc_column column_width_percent=&#8221;100&#8243; gutter_size=&#8221;3&#8243; override_padding=&#8221;yes&#8221; column_padding=&#8221;4&#8243; back_color=&#8221;color-xsdn&#8221; overlay_alpha=&#8221;50&#8243; shift_x=&#8221;0&#8243; shift_y=&#8221;0&#8243; z_index=&#8221;0&#8243; align_medium=&#8221;align_center_tablet&#8221; medium_width=&#8221;0&#8243; align_mobile=&#8221;align_center_mobile&#8221; css_animation=&#8221;bottom-t-top&#8221; animation_delay=&#8221;600&#8243; width=&#8221;1\/4&#8243;][vc_custom_heading text_font=&#8221;font-377884&#8243; text_size=&#8221;h1&#8243; text_weight=&#8221;800&#8243; text_transform=&#8221;capitalize&#8221; text_space=&#8221;fontspace-111509&#8243; text_uppercase=&#8221;&#8221; text_align=&#8221;text-left&#8221;]Equipo L\u00edder[\/vc_custom_heading][vc_column_text text_lead=&#8221;yes&#8221;]<b>Enrique Galindo\u00a0<\/b><br \/>\nDirector Ejecutivo &#8211; Colombia<\/p>\n<p><b>Juan Galindo\u00a0<\/b><br \/>\nCountry Managing Partner &#8211; Colombia<\/p>\n<p><b>Gloria Morris\u00a0\u00a0<\/b><br \/>\nCountry Managing Partner &#8211; Houston[\/vc_column_text][\/vc_column][vc_column column_width_percent=&#8221;100&#8243; gutter_size=&#8221;3&#8243; back_image=&#8221;83417&#8243; back_position=&#8221;center top&#8221; overlay_alpha=&#8221;50&#8243; shift_x=&#8221;0&#8243; shift_y=&#8221;0&#8243; shift_y_down=&#8221;0&#8243; z_index=&#8221;0&#8243; medium_width=&#8221;0&#8243; mobile_width=&#8221;0&#8243; css_animation=&#8221;bottom-t-top&#8221; animation_delay=&#8221;800&#8243; width=&#8221;1\/4&#8243; mobile_height=&#8221;280&#8243;][\/vc_column][\/vc_row][vc_row unlock_row_content=&#8221;yes&#8221; row_height_percent=&#8221;0&#8243; override_padding=&#8221;yes&#8221; h_padding=&#8221;0&#8243; top_padding=&#8221;0&#8243; bottom_padding=&#8221;0&#8243; back_color=&#8221;color-nhtu&#8221; overlay_alpha=&#8221;50&#8243; equal_height=&#8221;yes&#8221; gutter_size=&#8221;0&#8243; shift_y=&#8221;0&#8243;][vc_column column_width_percent=&#8221;100&#8243; position_vertical=&#8221;middle&#8221; align_horizontal=&#8221;align_center&#8221; gutter_size=&#8221;3&#8243; override_padding=&#8221;yes&#8221; column_padding=&#8221;4&#8243; style=&#8221;dark&#8221; back_color=&#8221;accent&#8221; back_image=&#8221;11299&#8243; back_position=&#8221;right center&#8221; parallax=&#8221;yes&#8221; overlay_color=&#8221;accent&#8221; overlay_alpha=&#8221;98&#8243; shift_x=&#8221;0&#8243; shift_y=&#8221;0&#8243; z_index=&#8221;0&#8243; align_medium=&#8221;align_center_tablet&#8221; medium_width=&#8221;0&#8243; align_mobile=&#8221;align_center_mobile&#8221; css_animation=&#8221;bottom-t-top&#8221; animation_delay=&#8221;200&#8243; width=&#8221;3\/12&#8243;][vc_column_text]<\/p>\n<h3>Portafolio de Servicios<\/h3>\n<p>[\/vc_column_text][vc_button border_width=&#8221;0&#8243;]Descargar[\/vc_button][\/vc_column][vc_column column_width_percent=&#8221;100&#8243; position_vertical=&#8221;middle&#8221; gutter_size=&#8221;3&#8243; override_padding=&#8221;yes&#8221; column_padding=&#8221;4&#8243; style=&#8221;dark&#8221; back_color=&#8221;color-wayh&#8221; back_image=&#8221;83350&#8243; back_position=&#8221;center center&#8221; overlay_alpha=&#8221;50&#8243; shift_x=&#8221;0&#8243; shift_y=&#8221;0&#8243; shift_y_down=&#8221;0&#8243; z_index=&#8221;0&#8243; medium_visibility=&#8221;yes&#8221; medium_width=&#8221;0&#8243; mobile_visibility=&#8221;yes&#8221; mobile_width=&#8221;0&#8243; css_animation=&#8221;bottom-t-top&#8221; animation_delay=&#8221;400&#8243; width=&#8221;3\/12&#8243;][\/vc_column][vc_column column_width_percent=&#8221;100&#8243; position_vertical=&#8221;middle&#8221; gutter_size=&#8221;3&#8243; override_padding=&#8221;yes&#8221; column_padding=&#8221;4&#8243; style=&#8221;dark&#8221; back_color=&#8221;color-rgdb&#8221; overlay_alpha=&#8221;50&#8243; shift_x=&#8221;0&#8243; shift_y=&#8221;0&#8243; z_index=&#8221;0&#8243; align_medium=&#8221;align_center_tablet&#8221; medium_width=&#8221;0&#8243; align_mobile=&#8221;align_center_mobile&#8221; css_animation=&#8221;bottom-t-top&#8221; animation_delay=&#8221;600&#8243; width=&#8221;6\/12&#8243;][vc_custom_heading text_font=&#8221;font-377884&#8243; text_size=&#8221;h1&#8243; text_weight=&#8221;800&#8243; text_transform=&#8221;capitalize&#8221; text_space=&#8221;fontspace-111509&#8243; text_uppercase=&#8221;&#8221; text_align=&#8221;text-left&#8221;]Cotiza Nuestros Servicios[\/vc_custom_heading]\n<div class=\"wpcf7 no-js\" id=\"wpcf7-f47397-o1\" lang=\"en-US\" dir=\"ltr\" data-wpcf7-id=\"47397\">\n<div class=\"screen-reader-response\"><p role=\"status\" aria-live=\"polite\" aria-atomic=\"true\"><\/p> <ul><\/ul><\/div>\n<form action=\"\/us\/wp-json\/wp\/v2\/pages\/21158#wpcf7-f47397-o1\" method=\"post\" class=\"wpcf7-form init\" aria-label=\"Contact form\" novalidate=\"novalidate\" data-status=\"init\">\n<div style=\"display: none;\">\n<input type=\"hidden\" name=\"_wpcf7\" value=\"47397\" \/>\n<input type=\"hidden\" name=\"_wpcf7_version\" value=\"6.0.6\" \/>\n<input type=\"hidden\" name=\"_wpcf7_locale\" value=\"en_US\" \/>\n<input type=\"hidden\" name=\"_wpcf7_unit_tag\" value=\"wpcf7-f47397-o1\" \/>\n<input type=\"hidden\" name=\"_wpcf7_container_post\" value=\"0\" \/>\n<input type=\"hidden\" name=\"_wpcf7_posted_data_hash\" value=\"\" \/>\n<\/div>\n<div class=\"wpcf7-inline-wrapper\">\n\t<p class=\"wpcf7-inline-field\"><span class=\"wpcf7-form-control-wrap\" data-name=\"your-firstname\"><input size=\"40\" maxlength=\"400\" class=\"wpcf7-form-control wpcf7-text wpcf7-validates-as-required\" aria-required=\"true\" aria-invalid=\"false\" placeholder=\"Nombre*\" value=\"\" type=\"text\" name=\"your-firstname\" \/><\/span>\n\t<\/p>\n\t<p class=\"wpcf7-inline-field\"><span class=\"wpcf7-form-control-wrap\" data-name=\"your-email\"><input size=\"40\" maxlength=\"400\" class=\"wpcf7-form-control wpcf7-email wpcf7-validates-as-required wpcf7-text wpcf7-validates-as-email\" aria-required=\"true\" aria-invalid=\"false\" placeholder=\"Correo*\" value=\"\" type=\"email\" name=\"your-email\" \/><\/span>\n\t<\/p>\n<\/div>\n<div class=\"wpcf7-inline-wrapper\">\n\t<p class=\"wpcf7-inline-field\"><span class=\"wpcf7-form-control-wrap\" data-name=\"your-tel\"><input size=\"40\" maxlength=\"400\" class=\"wpcf7-form-control wpcf7-text wpcf7-validates-as-required\" aria-required=\"true\" aria-invalid=\"false\" placeholder=\"WhatsApp*\" value=\"\" type=\"text\" name=\"your-tel\" \/><\/span>\n\t<\/p>\n\t<p class=\"wpcf7-inline-field\"><span class=\"wpcf7-form-control-wrap\" data-name=\"your-city\"><input size=\"40\" maxlength=\"400\" class=\"wpcf7-form-control wpcf7-text wpcf7-validates-as-required\" aria-required=\"true\" aria-invalid=\"false\" placeholder=\"Ciudad*\" value=\"\" type=\"text\" name=\"your-city\" \/><\/span>\n\t<\/p>\n<\/div>\n<p><span class=\"wpcf7-form-control-wrap\" data-name=\"menu-640\"><select class=\"wpcf7-form-control wpcf7-select form-fluid\" aria-invalid=\"false\" name=\"menu-640\"><option value=\"Selecciona el servicio de tu inter\u00e9s\">Selecciona el servicio de tu inter\u00e9s<\/option><option value=\"Auditor\u00eda Interna\">Auditor\u00eda Interna<\/option><option value=\"Gesti\u00f3n de riesgos\">Gesti\u00f3n de riesgos<\/option><option value=\"Asesor\u00eda Gerencial\">Asesor\u00eda Gerencial<\/option><option value=\"Mejoramiento de procesos\">Mejoramiento de procesos<\/option><option value=\"Planeaci\u00f3n estrat\u00e9gica\">Planeaci\u00f3n estrat\u00e9gica<\/option><\/select><\/span>\n<\/p>\n<p><input class=\"wpcf7-form-control wpcf7-submit has-spinner btn btn-accent btn-block btn-circle\" type=\"submit\" value=\"Cotizar\" \/>\n<\/p><div class=\"wpcf7-response-output\" aria-hidden=\"true\"><\/div>\n<\/form>\n<\/div>\n[\/vc_column][\/vc_row]<\/p>\n","protected":false},"excerpt":{"rendered":"<p>[vc_row unlock_row_content=&#8221;yes&#8221; row_height_percent=&#8221;0&#8243; override_padding=&#8221;yes&#8221; h_padding=&#8221;0&#8243; top_padding=&#8221;0&#8243; bottom_padding=&#8221;0&#8243; back_color=&#8221;color-nhtu&#8221; overlay_alpha=&#8221;50&#8243; equal_height=&#8221;yes&#8221; gutter_size=&#8221;0&#8243; shift_y=&#8221;0&#8243;][vc_column column_width_percent=&#8221;100&#8243; gutter_size=&#8221;3&#8243; override_padding=&#8221;yes&#8221; column_padding=&#8221;4&#8243; style=&#8221;dark&#8221; back_color=&#8221;accent&#8221; back_image=&#8221;15042&#8243; back_position=&#8221;left [&hellip;]<\/p>\n","protected":false},"author":1,"featured_media":78603,"parent":43938,"menu_order":0,"comment_status":"open","ping_status":"closed","template":"","meta":{"footnotes":""},"class_list":["post-21158","page","type-page","status-publish","has-post-thumbnail","hentry","page_category-creative"],"_links":{"self":[{"href":"https:\/\/legap.com.co\/us\/wp-json\/wp\/v2\/pages\/21158","targetHints":{"allow":["GET"]}}],"collection":[{"href":"https:\/\/legap.com.co\/us\/wp-json\/wp\/v2\/pages"}],"about":[{"href":"https:\/\/legap.com.co\/us\/wp-json\/wp\/v2\/types\/page"}],"author":[{"embeddable":true,"href":"https:\/\/legap.com.co\/us\/wp-json\/wp\/v2\/users\/1"}],"replies":[{"embeddable":true,"href":"https:\/\/legap.com.co\/us\/wp-json\/wp\/v2\/comments?post=21158"}],"version-history":[{"count":4,"href":"https:\/\/legap.com.co\/us\/wp-json\/wp\/v2\/pages\/21158\/revisions"}],"predecessor-version":[{"id":83459,"href":"https:\/\/legap.com.co\/us\/wp-json\/wp\/v2\/pages\/21158\/revisions\/83459"}],"up":[{"embeddable":true,"href":"https:\/\/legap.com.co\/us\/wp-json\/wp\/v2\/pages\/43938"}],"wp:featuredmedia":[{"embeddable":true,"href":"https:\/\/legap.com.co\/us\/wp-json\/wp\/v2\/media\/78603"}],"wp:attachment":[{"href":"https:\/\/legap.com.co\/us\/wp-json\/wp\/v2\/media?parent=21158"}],"curies":[{"name":"wp","href":"https:\/\/api.w.org\/{rel}","templated":true}]}}